{"id":8221,"date":"2022-09-30T09:17:13","date_gmt":"2022-09-30T07:17:13","guid":{"rendered":"https:\/\/talisne.com\/avviso-legale\/"},"modified":"2022-09-30T09:17:13","modified_gmt":"2022-09-30T07:17:13","slug":"avviso-legale","status":"publish","type":"page","link":"https:\/\/talisne.com\/it\/avviso-legale\/","title":{"rendered":"Avviso Legale"},"content":{"rendered":"<p data-start=\"9178\" data-end=\"9197\"><strong data-start=\"9178\" data-end=\"9195\">Avviso Legale<\/strong><\/p>\n<ol data-start=\"9198\" data-end=\"9222\">\n<li data-start=\"9198\" data-end=\"9222\">\n<p data-start=\"9201\" data-end=\"9222\">Dati Identificativi<\/p>\n<\/li>\n<\/ol>\n<p data-start=\"9224\" data-end=\"9429\">In conformit\u00e0 con l\u2019obbligo di informazione previsto dall\u2019articolo 10 della Legge 34\/2002 dell\u201911 luglio sui Servizi della Societ\u00e0 dell\u2019Informazione e sul Commercio Elettronico (LSSI-CE), si informa che:<\/p>\n<p data-start=\"9431\" data-end=\"9658\">Titolare: Mar\u00eda Soledad Ruiz Fern\u00e1ndez<br data-start=\"9469\" data-end=\"9472\" \/>Nome commerciale: TALISNE<br data-start=\"9497\" data-end=\"9500\" \/>Sede legale: Carrer Bovila n\u00famero 2, Roda de Bar\u00e1, 43883, Tarragona<br data-start=\"9567\" data-end=\"9570\" \/>NIF\/CIF: 45470667N<br data-start=\"9588\" data-end=\"9591\" \/>Email di contatto: [<a class=\"decorated-link cursor-pointer\" rel=\"noopener\">info@talisne.com<\/a>]<br data-start=\"9628\" data-end=\"9631\" \/>Sito web: <a class=\"decorated-link cursor-pointer\" target=\"_new\" rel=\"noopener\" data-start=\"9641\" data-end=\"9656\">www.talisne.com<\/a><\/p>\n<p data-start=\"9660\" data-end=\"9797\">Il titolare \u00e8 responsabile del sito web e mette a disposizione degli utenti il presente documento per adempiere alla normativa vigente.<\/p>\n<ol start=\"2\" data-start=\"9799\" data-end=\"10225\">\n<li data-start=\"9799\" data-end=\"10035\">\n<p data-start=\"9802\" data-end=\"10035\">Oggetto<br data-start=\"9809\" data-end=\"9812\" \/>Il presente Avviso Legale regola l\u2019accesso, la navigazione e l\u2019uso del sito <a class=\"decorated-link cursor-pointer\" target=\"_new\" rel=\"noopener\" data-start=\"9888\" data-end=\"9903\">www.talisne.com<\/a>, nonch\u00e9 le responsabilit\u00e0 derivanti dall\u2019utilizzo dei suoi contenuti (testi, immagini, design, prodotti, informazioni e servizi).<\/p>\n<\/li>\n<li data-start=\"10037\" data-end=\"10225\">\n<p data-start=\"10040\" data-end=\"10225\">Condizioni di Uso<br data-start=\"10057\" data-end=\"10060\" \/>L\u2019accesso e l\u2019uso del sito attribuiscono la qualit\u00e0 di utente e implicano l\u2019accettazione piena e senza riserve di tutte le disposizioni del presente Avviso Legale.<\/p>\n<\/li>\n<\/ol>\n<p data-start=\"10227\" data-end=\"10251\">L\u2019utente si impegna a:<\/p>\n<ul data-start=\"10252\" data-end=\"10452\">\n<li data-start=\"10252\" data-end=\"10298\">\n<p data-start=\"10254\" data-end=\"10298\">Utilizzare il sito web in modo appropriato<\/p>\n<\/li>\n<li data-start=\"10299\" data-end=\"10390\">\n<p data-start=\"10301\" data-end=\"10390\">Non utilizzarlo per attivit\u00e0 illecite o contrarie alla buona fede e all\u2019ordine pubblico<\/p>\n<\/li>\n<li data-start=\"10391\" data-end=\"10452\">\n<p data-start=\"10393\" data-end=\"10452\">Non provocare danni ai sistemi fisici o logici di TALISNE<\/p>\n<\/li>\n<\/ul>\n<p data-start=\"10454\" data-end=\"10573\">TALISNE si riserva il diritto di modificare in qualsiasi momento le informazioni sul sito senza obbligo di preavviso.<\/p>\n<ol start=\"4\" data-start=\"10575\" data-end=\"10893\">\n<li data-start=\"10575\" data-end=\"10893\">\n<p data-start=\"10578\" data-end=\"10893\">Propriet\u00e0 Intellettuale e Industriale<br data-start=\"10615\" data-end=\"10618\" \/>Tutti i contenuti del sito (design, testi, fotografie, loghi, marchio TALISNE, illustrazioni, struttura, codice, ecc.) sono di esclusiva propriet\u00e0 di TALISNE o dei suoi licenzianti e sono protetti dalla normativa vigente in materia di propriet\u00e0 intellettuale e industriale.<\/p>\n<\/li>\n<\/ol>\n<p data-start=\"10895\" data-end=\"10921\">\u00c8 espressamente vietato:<\/p>\n<ul data-start=\"10922\" data-end=\"11083\">\n<li data-start=\"10922\" data-end=\"10959\">\n<p data-start=\"10924\" data-end=\"10959\">La riproduzione totale o parziale<\/p>\n<\/li>\n<li data-start=\"10960\" data-end=\"11005\">\n<p data-start=\"10962\" data-end=\"11005\">La distribuzione o comunicazione pubblica<\/p>\n<\/li>\n<li data-start=\"11006\" data-end=\"11083\">\n<p data-start=\"11008\" data-end=\"11083\">La trasformazione o sfruttamento commerciale senza autorizzazione scritta<\/p>\n<\/li>\n<\/ul>\n<p data-start=\"11085\" data-end=\"11146\">L\u2019uso non autorizzato pu\u00f2 comportare responsabilit\u00e0 legali.<\/p>\n<ol start=\"5\" data-start=\"11148\" data-end=\"11201\">\n<li data-start=\"11148\" data-end=\"11201\">\n<p data-start=\"11151\" data-end=\"11201\">Responsabilit\u00e0<br data-start=\"11165\" data-end=\"11168\" \/>TALISNE non \u00e8 responsabile per:<\/p>\n<\/li>\n<\/ol>\n<ul data-start=\"11202\" data-end=\"11332\">\n<li data-start=\"11202\" data-end=\"11238\">\n<p data-start=\"11204\" data-end=\"11238\">Errori o omissioni nei contenuti<\/p>\n<\/li>\n<li data-start=\"11239\" data-end=\"11284\">\n<p data-start=\"11241\" data-end=\"11284\">Mancata disponibilit\u00e0 temporanea del sito<\/p>\n<\/li>\n<li data-start=\"11285\" data-end=\"11332\">\n<p data-start=\"11287\" data-end=\"11332\">Danni derivanti dall\u2019uso improprio del sito<\/p>\n<\/li>\n<\/ul>\n<p data-start=\"11334\" data-end=\"11463\">Tuttavia, vengono adottate tutte le misure tecniche necessarie per garantire il corretto funzionamento e la sicurezza del sito.<\/p>\n<ol start=\"6\" data-start=\"11465\" data-end=\"12167\">\n<li data-start=\"11465\" data-end=\"11647\">\n<p data-start=\"11468\" data-end=\"11647\">Link Esterni<br data-start=\"11480\" data-end=\"11483\" \/>Se il sito include link a pagine esterne, TALISNE non esercita alcun controllo su tali siti e contenuti e non assume alcuna responsabilit\u00e0 per contenuti di terzi.<\/p>\n<\/li>\n<li data-start=\"11649\" data-end=\"11775\">\n<p data-start=\"11652\" data-end=\"11775\">Protezione dei Dati<br data-start=\"11671\" data-end=\"11674\" \/>Il trattamento dei dati personali \u00e8 regolato dalla Politica sulla Privacy accessibile dal sito web.<\/p>\n<\/li>\n<li data-start=\"11777\" data-end=\"11950\">\n<p data-start=\"11780\" data-end=\"11950\">Uso dei Cookies<br data-start=\"11795\" data-end=\"11798\" \/>Questo sito web utilizza cookie propri e di terzi per migliorare l\u2019esperienza dell\u2019utente. Per maggiori informazioni, consulta la Politica sui Cookie.<\/p>\n<\/li>\n<li data-start=\"11952\" data-end=\"12167\">\n<p data-start=\"11955\" data-end=\"12167\">Legislazione Applicabile e Giurisdizione<br data-start=\"11995\" data-end=\"11998\" \/>Il presente Avviso Legale \u00e8 disciplinato dalla legge spagnola.<br data-start=\"12060\" data-end=\"12063\" \/>Qualsiasi controversia sar\u00e0 sottoposta ai tribunali di Tarragona, salvo diversa disposizione di legge.<\/p>\n<\/li>\n<\/ol>\n","protected":false},"excerpt":{"rendered":"<p>Avviso Legale Dati Identificativi In conformit\u00e0 con l\u2019obbligo di informazione previsto dall\u2019articolo 10 della Legge 34\/2002 dell\u201911 luglio sui Servizi della Societ\u00e0 dell\u2019Informazione e sul Commercio Elettronico (LSSI-CE), si informa che: Titolare: Mar\u00eda Soledad Ruiz Fern\u00e1ndezNome commerciale: TALISNESede legale: Carrer Bovila n\u00famero 2, Roda de Bar\u00e1, 43883, TarragonaNIF\/CIF: 45470667NEmail di contatto: [info@talisne.com]Sito web: www.talisne.com Il [&hellip;]<\/p>\n","protected":false},"author":1,"featured_media":0,"parent":0,"menu_order":0,"comment_status":"closed","ping_status":"closed","template":"template-legal.php","meta":{"footnotes":""},"class_list":["post-8221","page","type-page","status-publish","hentry"],"_links":{"self":[{"href":"https:\/\/talisne.com\/it\/wp-json\/wp\/v2\/pages\/8221","targetHints":{"allow":["GET"]}}],"collection":[{"href":"https:\/\/talisne.com\/it\/wp-json\/wp\/v2\/pages"}],"about":[{"href":"https:\/\/talisne.com\/it\/wp-json\/wp\/v2\/types\/page"}],"author":[{"embeddable":true,"href":"https:\/\/talisne.com\/it\/wp-json\/wp\/v2\/users\/1"}],"replies":[{"embeddable":true,"href":"https:\/\/talisne.com\/it\/wp-json\/wp\/v2\/comments?post=8221"}],"version-history":[{"count":0,"href":"https:\/\/talisne.com\/it\/wp-json\/wp\/v2\/pages\/8221\/revisions"}],"wp:attachment":[{"href":"https:\/\/talisne.com\/it\/wp-json\/wp\/v2\/media?parent=8221"}],"curies":[{"name":"wp","href":"https:\/\/api.w.org\/{rel}","templated":true}]}}