{"id":8088,"date":"2022-09-27T14:17:30","date_gmt":"2022-09-27T12:17:30","guid":{"rendered":"https:\/\/talisne.com\/?page_id=8088"},"modified":"2026-03-03T18:48:18","modified_gmt":"2026-03-03T17:48:18","slug":"universo-talisne","status":"publish","type":"page","link":"https:\/\/talisne.com\/it\/universo-talisne\/","title":{"rendered":"UNIVERSO TALISNE"},"content":{"rendered":"\n<p>Il marchio TALISNE nasce da una profonda connessione con il design, la qualit\u00e0 e la femminilit\u00e0. Dai primi schizzi fino alle ultime rifiniture realizzate a mano, ogni cappotto TALISNE \u00e8 un pezzo unico confezionato nel nostro laboratorio a Tarragona.<\/p>\n\n\n\n<p>Unisce l\u2019alta moda alla pellicceria fine, utilizzando tessuti naturali ed esclusivi come lana vergine, cashmere e fodere in pura seta, insieme a dettagli in pelliccia naturale. Le nostre collezioni sono limitate ed esclusive, pensate per donne che cercano qualit\u00e0, bellezza e originalit\u00e0.<\/p>\n\n\n\n<p>Crediamo in un lusso autentico, emozionale e distintivo, che si esprime attraverso il colore, la forma e i piccoli dettagli che fanno la differenza.<\/p>\n","protected":false},"excerpt":{"rendered":"<p>Il marchio TALISNE nasce da una profonda connessione con il design, la qualit\u00e0 e la femminilit\u00e0. Dai primi schizzi fino alle ultime rifiniture realizzate a mano, ogni cappotto TALISNE \u00e8 un pezzo unico confezionato nel nostro laboratorio a Tarragona. Unisce l\u2019alta moda alla pellicceria fine, utilizzando tessuti naturali ed esclusivi come lana vergine, cashmere e [&hellip;]<\/p>\n","protected":false},"author":4,"featured_media":0,"parent":0,"menu_order":0,"comment_status":"closed","ping_status":"closed","template":"template-universo-talisne.php","meta":{"footnotes":""},"class_list":["post-8088","page","type-page","status-publish","hentry"],"_links":{"self":[{"href":"https:\/\/talisne.com\/it\/wp-json\/wp\/v2\/pages\/8088","targetHints":{"allow":["GET"]}}],"collection":[{"href":"https:\/\/talisne.com\/it\/wp-json\/wp\/v2\/pages"}],"about":[{"href":"https:\/\/talisne.com\/it\/wp-json\/wp\/v2\/types\/page"}],"author":[{"embeddable":true,"href":"https:\/\/talisne.com\/it\/wp-json\/wp\/v2\/users\/4"}],"replies":[{"embeddable":true,"href":"https:\/\/talisne.com\/it\/wp-json\/wp\/v2\/comments?post=8088"}],"version-history":[{"count":1,"href":"https:\/\/talisne.com\/it\/wp-json\/wp\/v2\/pages\/8088\/revisions"}],"predecessor-version":[{"id":8089,"href":"https:\/\/talisne.com\/it\/wp-json\/wp\/v2\/pages\/8088\/revisions\/8089"}],"wp:attachment":[{"href":"https:\/\/talisne.com\/it\/wp-json\/wp\/v2\/media?parent=8088"}],"curies":[{"name":"wp","href":"https:\/\/api.w.org\/{rel}","templated":true}]}}