{"id":6202,"date":"2022-09-29T13:54:30","date_gmt":"2022-09-29T11:54:30","guid":{"rendered":"https:\/\/talisne.com\/domande-frequenti\/"},"modified":"2026-03-01T18:16:49","modified_gmt":"2026-03-01T17:16:49","slug":"domande-frequenti","status":"publish","type":"page","link":"https:\/\/talisne.com\/it\/domande-frequenti\/","title":{"rendered":"Domande frequenti"},"content":{"rendered":"\t\t<div data-elementor-type=\"wp-page\" data-elementor-id=\"6202\" class=\"elementor elementor-6202 elementor-1425\" data-elementor-post-type=\"page\">\n\t\t\t\t\t\t<section class=\"elementor-section elementor-top-section elementor-element elementor-element-5f50145 elementor-section-full_width qodef-elementor-content-grid elementor-section-height-default elementor-section-height-default\" data-id=\"5f50145\" data-element_type=\"section\" data-e-type=\"section\">\n\t\t\t\t\t\t<div class=\"elementor-container elementor-column-gap-default\">\n\t\t\t\t\t<div class=\"elementor-column elementor-col-100 elementor-top-column elementor-element elementor-element-c8c5e27\" data-id=\"c8c5e27\" data-element_type=\"column\" data-e-type=\"column\">\n\t\t\t<div class=\"elementor-widget-wrap elementor-element-populated\">\n\t\t\t\t\t\t<div class=\"elementor-element elementor-element-7ee0dc6 elementor-widget elementor-widget-corsen_core_accordion\" data-id=\"7ee0dc6\" data-element_type=\"widget\" data-e-type=\"widget\" data-widget_type=\"corsen_core_accordion.default\">\n\t\t\t\t<div class=\"elementor-widget-container\">\n\t\t\t\t\t<div class=\"qodef-shortcode qodef-m qodef-accordion clear qodef-behavior--accordion qodef-layout--simple\">\n\t<h5 class=\"qodef-accordion-title\">\n\t<span class=\"qodef-tab-title\">Le collezioni sono limitate?<\/span>\n\t<span class=\"qodef-accordion-mark\">\n\t\t<span class=\"qodef-icon--plus\">\n            <svg xmlns=\"http:\/\/www.w3.org\/2000\/svg\" width=\"23\" height=\"23\" viewBox=\"0 0 24 24\">\n                <g data-name=\"Group 1077\" transform=\"translate(0.087 0.087)\">\n                    <g data-name=\"Rectangle 571\" transform=\"translate(-0.087 -0.087)\" fill=\"#fff\" stroke=\"#000\" stroke-width=\"1\">\n                        <rect width=\"24\" height=\"24\" stroke=\"none\"\/>\n                        <rect x=\"0.5\" y=\"0.5\" width=\"23\" height=\"23\" fill=\"none\"\/>\n                    <\/g>\n                    <path d=\"M0,4.535,4.047,0,8.094,4.535\" transform=\"translate(7.866 9.646)\" fill=\"none\" stroke=\"#000\" stroke-width=\"1\"\/>\n                <\/g>\n            <\/svg>\n        <\/span>\n\t\t<span class=\"qodef-icon--minus\">\n            <svg xmlns=\"http:\/\/www.w3.org\/2000\/svg\" width=\"23\" height=\"23\" viewBox=\"0 0 24 24\">\n             <g transform=\"translate(0.087 0.087)\">\n                 <g transform=\"translate(-0.087 -0.087)\" fill=\"#fff\" stroke=\"#000\" stroke-width=\"1\">\n                    <rect width=\"24\" height=\"24\" stroke=\"none\"\/>\n                    <rect x=\"0.5\" y=\"0.5\" width=\"23\" height=\"23\" fill=\"none\"\/>\n                    <\/g>\n                    <path d=\"M0,4.535,4.047,0,8.094,4.535\" transform=\"translate(16 14) rotate(180)\" fill=\"none\" stroke=\"#000\" stroke-width=\"1\"\/>\n                <\/g>\n            <\/svg>\n        <\/span>\n\t<\/span>\n<\/h5>\n<div class=\"qodef-accordion-content\">\n\t<div class=\"qodef-accordion-content-inner\">\n\t\t<p>S\u00ec, tutte le nostre collezioni sono limitate ed esclusive per mantenere l'originalit\u00e0 e l'esclusivit\u00e0 di ogni pezzo.<\/p>\t<\/div>\n<\/div>\n<h5 class=\"qodef-accordion-title\">\n\t<span class=\"qodef-tab-title\">Dove vengono realizzati i cappotti?<\/span>\n\t<span class=\"qodef-accordion-mark\">\n\t\t<span class=\"qodef-icon--plus\">\n            <svg xmlns=\"http:\/\/www.w3.org\/2000\/svg\" width=\"23\" height=\"23\" viewBox=\"0 0 24 24\">\n                <g data-name=\"Group 1077\" transform=\"translate(0.087 0.087)\">\n                    <g data-name=\"Rectangle 571\" transform=\"translate(-0.087 -0.087)\" fill=\"#fff\" stroke=\"#000\" stroke-width=\"1\">\n                        <rect width=\"24\" height=\"24\" stroke=\"none\"\/>\n                        <rect x=\"0.5\" y=\"0.5\" width=\"23\" height=\"23\" fill=\"none\"\/>\n                    <\/g>\n                    <path d=\"M0,4.535,4.047,0,8.094,4.535\" transform=\"translate(7.866 9.646)\" fill=\"none\" stroke=\"#000\" stroke-width=\"1\"\/>\n                <\/g>\n            <\/svg>\n        <\/span>\n\t\t<span class=\"qodef-icon--minus\">\n            <svg xmlns=\"http:\/\/www.w3.org\/2000\/svg\" width=\"23\" height=\"23\" viewBox=\"0 0 24 24\">\n             <g transform=\"translate(0.087 0.087)\">\n                 <g transform=\"translate(-0.087 -0.087)\" fill=\"#fff\" stroke=\"#000\" stroke-width=\"1\">\n                    <rect width=\"24\" height=\"24\" stroke=\"none\"\/>\n                    <rect x=\"0.5\" y=\"0.5\" width=\"23\" height=\"23\" fill=\"none\"\/>\n                    <\/g>\n                    <path d=\"M0,4.535,4.047,0,8.094,4.535\" transform=\"translate(16 14) rotate(180)\" fill=\"none\" stroke=\"#000\" stroke-width=\"1\"\/>\n                <\/g>\n            <\/svg>\n        <\/span>\n\t<\/span>\n<\/h5>\n<div class=\"qodef-accordion-content\">\n\t<div class=\"qodef-accordion-content-inner\">\n\t\t<p>Tutti i nostri cappotti sono progettati, patronati e cuciti a mano nel nostro atelier di Tarragona.<\/p>\t<\/div>\n<\/div>\n<h5 class=\"qodef-accordion-title\">\n\t<span class=\"qodef-tab-title\">Posso acquistare online?<\/span>\n\t<span class=\"qodef-accordion-mark\">\n\t\t<span class=\"qodef-icon--plus\">\n            <svg xmlns=\"http:\/\/www.w3.org\/2000\/svg\" width=\"23\" height=\"23\" viewBox=\"0 0 24 24\">\n                <g data-name=\"Group 1077\" transform=\"translate(0.087 0.087)\">\n                    <g data-name=\"Rectangle 571\" transform=\"translate(-0.087 -0.087)\" fill=\"#fff\" stroke=\"#000\" stroke-width=\"1\">\n                        <rect width=\"24\" height=\"24\" stroke=\"none\"\/>\n                        <rect x=\"0.5\" y=\"0.5\" width=\"23\" height=\"23\" fill=\"none\"\/>\n                    <\/g>\n                    <path d=\"M0,4.535,4.047,0,8.094,4.535\" transform=\"translate(7.866 9.646)\" fill=\"none\" stroke=\"#000\" stroke-width=\"1\"\/>\n                <\/g>\n            <\/svg>\n        <\/span>\n\t\t<span class=\"qodef-icon--minus\">\n            <svg xmlns=\"http:\/\/www.w3.org\/2000\/svg\" width=\"23\" height=\"23\" viewBox=\"0 0 24 24\">\n             <g transform=\"translate(0.087 0.087)\">\n                 <g transform=\"translate(-0.087 -0.087)\" fill=\"#fff\" stroke=\"#000\" stroke-width=\"1\">\n                    <rect width=\"24\" height=\"24\" stroke=\"none\"\/>\n                    <rect x=\"0.5\" y=\"0.5\" width=\"23\" height=\"23\" fill=\"none\"\/>\n                    <\/g>\n                    <path d=\"M0,4.535,4.047,0,8.094,4.535\" transform=\"translate(16 14) rotate(180)\" fill=\"none\" stroke=\"#000\" stroke-width=\"1\"\/>\n                <\/g>\n            <\/svg>\n        <\/span>\n\t<\/span>\n<\/h5>\n<div class=\"qodef-accordion-content\">\n\t<div class=\"qodef-accordion-content-inner\">\n\t\t<p>S\u00ec, offriamo la vendita online diretta. Puoi anche contattarci per visitare il nostro showroom o per richieste e ordini personalizzati.<\/p>\t<\/div>\n<\/div>\n<h5 class=\"qodef-accordion-title\">\n\t<span class=\"qodef-tab-title\">Come mi prendo cura del mio cappotto Talisne?<\/span>\n\t<span class=\"qodef-accordion-mark\">\n\t\t<span class=\"qodef-icon--plus\">\n            <svg xmlns=\"http:\/\/www.w3.org\/2000\/svg\" width=\"23\" height=\"23\" viewBox=\"0 0 24 24\">\n                <g data-name=\"Group 1077\" transform=\"translate(0.087 0.087)\">\n                    <g data-name=\"Rectangle 571\" transform=\"translate(-0.087 -0.087)\" fill=\"#fff\" stroke=\"#000\" stroke-width=\"1\">\n                        <rect width=\"24\" height=\"24\" stroke=\"none\"\/>\n                        <rect x=\"0.5\" y=\"0.5\" width=\"23\" height=\"23\" fill=\"none\"\/>\n                    <\/g>\n                    <path d=\"M0,4.535,4.047,0,8.094,4.535\" transform=\"translate(7.866 9.646)\" fill=\"none\" stroke=\"#000\" stroke-width=\"1\"\/>\n                <\/g>\n            <\/svg>\n        <\/span>\n\t\t<span class=\"qodef-icon--minus\">\n            <svg xmlns=\"http:\/\/www.w3.org\/2000\/svg\" width=\"23\" height=\"23\" viewBox=\"0 0 24 24\">\n             <g transform=\"translate(0.087 0.087)\">\n                 <g transform=\"translate(-0.087 -0.087)\" fill=\"#fff\" stroke=\"#000\" stroke-width=\"1\">\n                    <rect width=\"24\" height=\"24\" stroke=\"none\"\/>\n                    <rect x=\"0.5\" y=\"0.5\" width=\"23\" height=\"23\" fill=\"none\"\/>\n                    <\/g>\n                    <path d=\"M0,4.535,4.047,0,8.094,4.535\" transform=\"translate(16 14) rotate(180)\" fill=\"none\" stroke=\"#000\" stroke-width=\"1\"\/>\n                <\/g>\n            <\/svg>\n        <\/span>\n\t<\/span>\n<\/h5>\n<div class=\"qodef-accordion-content\">\n\t<div class=\"qodef-accordion-content-inner\">\n\t\t<p>Consigliamo la pulitura a secco specializzata per preservare la qualit\u00e0 dei tessuti e delle finiture. Ogni capo include una guida dettagliata alla cura.<\/p>\t<\/div>\n<\/div>\n<h5 class=\"qodef-accordion-title\">\n\t<span class=\"qodef-tab-title\">Quali opzioni di pagamento offrite?<\/span>\n\t<span class=\"qodef-accordion-mark\">\n\t\t<span class=\"qodef-icon--plus\">\n            <svg xmlns=\"http:\/\/www.w3.org\/2000\/svg\" width=\"23\" height=\"23\" viewBox=\"0 0 24 24\">\n                <g data-name=\"Group 1077\" transform=\"translate(0.087 0.087)\">\n                    <g data-name=\"Rectangle 571\" transform=\"translate(-0.087 -0.087)\" fill=\"#fff\" stroke=\"#000\" stroke-width=\"1\">\n                        <rect width=\"24\" height=\"24\" stroke=\"none\"\/>\n                        <rect x=\"0.5\" y=\"0.5\" width=\"23\" height=\"23\" fill=\"none\"\/>\n                    <\/g>\n                    <path d=\"M0,4.535,4.047,0,8.094,4.535\" transform=\"translate(7.866 9.646)\" fill=\"none\" stroke=\"#000\" stroke-width=\"1\"\/>\n                <\/g>\n            <\/svg>\n        <\/span>\n\t\t<span class=\"qodef-icon--minus\">\n            <svg xmlns=\"http:\/\/www.w3.org\/2000\/svg\" width=\"23\" height=\"23\" viewBox=\"0 0 24 24\">\n             <g transform=\"translate(0.087 0.087)\">\n                 <g transform=\"translate(-0.087 -0.087)\" fill=\"#fff\" stroke=\"#000\" stroke-width=\"1\">\n                    <rect width=\"24\" height=\"24\" stroke=\"none\"\/>\n                    <rect x=\"0.5\" y=\"0.5\" width=\"23\" height=\"23\" fill=\"none\"\/>\n                    <\/g>\n                    <path d=\"M0,4.535,4.047,0,8.094,4.535\" transform=\"translate(16 14) rotate(180)\" fill=\"none\" stroke=\"#000\" stroke-width=\"1\"\/>\n                <\/g>\n            <\/svg>\n        <\/span>\n\t<\/span>\n<\/h5>\n<div class=\"qodef-accordion-content\">\n\t<div class=\"qodef-accordion-content-inner\">\n\t\t<p>Accettiamo carte di credito, di debito e pagamenti sicuri tramite la piattaforma del nostro negozio online.<\/p>\t<\/div>\n<\/div>\n<h5 class=\"qodef-accordion-title\">\n\t<span class=\"qodef-tab-title\">Qual \u00e8 il tempo di consegna?<\/span>\n\t<span class=\"qodef-accordion-mark\">\n\t\t<span class=\"qodef-icon--plus\">\n            <svg xmlns=\"http:\/\/www.w3.org\/2000\/svg\" width=\"23\" height=\"23\" viewBox=\"0 0 24 24\">\n                <g data-name=\"Group 1077\" transform=\"translate(0.087 0.087)\">\n                    <g data-name=\"Rectangle 571\" transform=\"translate(-0.087 -0.087)\" fill=\"#fff\" stroke=\"#000\" stroke-width=\"1\">\n                        <rect width=\"24\" height=\"24\" stroke=\"none\"\/>\n                        <rect x=\"0.5\" y=\"0.5\" width=\"23\" height=\"23\" fill=\"none\"\/>\n                    <\/g>\n                    <path d=\"M0,4.535,4.047,0,8.094,4.535\" transform=\"translate(7.866 9.646)\" fill=\"none\" stroke=\"#000\" stroke-width=\"1\"\/>\n                <\/g>\n            <\/svg>\n        <\/span>\n\t\t<span class=\"qodef-icon--minus\">\n            <svg xmlns=\"http:\/\/www.w3.org\/2000\/svg\" width=\"23\" height=\"23\" viewBox=\"0 0 24 24\">\n             <g transform=\"translate(0.087 0.087)\">\n                 <g transform=\"translate(-0.087 -0.087)\" fill=\"#fff\" stroke=\"#000\" stroke-width=\"1\">\n                    <rect width=\"24\" height=\"24\" stroke=\"none\"\/>\n                    <rect x=\"0.5\" y=\"0.5\" width=\"23\" height=\"23\" fill=\"none\"\/>\n                    <\/g>\n                    <path d=\"M0,4.535,4.047,0,8.094,4.535\" transform=\"translate(16 14) rotate(180)\" fill=\"none\" stroke=\"#000\" stroke-width=\"1\"\/>\n                <\/g>\n            <\/svg>\n        <\/span>\n\t<\/span>\n<\/h5>\n<div class=\"qodef-accordion-content\">\n\t<div class=\"qodef-accordion-content-inner\">\n\t\t<p>Il tempo stimato \u00e8 da 7 a 15 giorni lavorativi, a seconda del prodotto e della destinazione di spedizione.<\/p>\t<\/div>\n<\/div>\n<h5 class=\"qodef-accordion-title\">\n\t<span class=\"qodef-tab-title\">Posso cambiare o restituire un prodotto?<\/span>\n\t<span class=\"qodef-accordion-mark\">\n\t\t<span class=\"qodef-icon--plus\">\n            <svg xmlns=\"http:\/\/www.w3.org\/2000\/svg\" width=\"23\" height=\"23\" viewBox=\"0 0 24 24\">\n                <g data-name=\"Group 1077\" transform=\"translate(0.087 0.087)\">\n                    <g data-name=\"Rectangle 571\" transform=\"translate(-0.087 -0.087)\" fill=\"#fff\" stroke=\"#000\" stroke-width=\"1\">\n                        <rect width=\"24\" height=\"24\" stroke=\"none\"\/>\n                        <rect x=\"0.5\" y=\"0.5\" width=\"23\" height=\"23\" fill=\"none\"\/>\n                    <\/g>\n                    <path d=\"M0,4.535,4.047,0,8.094,4.535\" transform=\"translate(7.866 9.646)\" fill=\"none\" stroke=\"#000\" stroke-width=\"1\"\/>\n                <\/g>\n            <\/svg>\n        <\/span>\n\t\t<span class=\"qodef-icon--minus\">\n            <svg xmlns=\"http:\/\/www.w3.org\/2000\/svg\" width=\"23\" height=\"23\" viewBox=\"0 0 24 24\">\n             <g transform=\"translate(0.087 0.087)\">\n                 <g transform=\"translate(-0.087 -0.087)\" fill=\"#fff\" stroke=\"#000\" stroke-width=\"1\">\n                    <rect width=\"24\" height=\"24\" stroke=\"none\"\/>\n                    <rect x=\"0.5\" y=\"0.5\" width=\"23\" height=\"23\" fill=\"none\"\/>\n                    <\/g>\n                    <path d=\"M0,4.535,4.047,0,8.094,4.535\" transform=\"translate(16 14) rotate(180)\" fill=\"none\" stroke=\"#000\" stroke-width=\"1\"\/>\n                <\/g>\n            <\/svg>\n        <\/span>\n\t<\/span>\n<\/h5>\n<div class=\"qodef-accordion-content\">\n\t<div class=\"qodef-accordion-content-inner\">\n\t\t<p>Accettiamo resi dal momento in cui ricevi il tuo ordine fino a <b>15 giorni dopo la consegna<\/b>. Per garantire la qualit\u00e0 e l'esclusivit\u00e0 dei nostri capi, ci riserviamo il diritto di <b>non accettare resi se l'articolo non \u00e8 in perfette condizioni<\/b>. Le spese di reso sono a carico del cliente. Ti consigliamo di controllare attentamente il tuo cappotto e di conservare l'imballaggio originale.<\/p>\t<\/div>\n<\/div>\n<\/div>\n\t\t\t\t<\/div>\n\t\t\t\t<\/div>\n\t\t\t\t\t<\/div>\n\t\t<\/div>\n\t\t\t\t\t<\/div>\n\t\t<\/section>\n\t\t\t\t<\/div>\n\t\t","protected":false},"excerpt":{"rendered":"<p>\u00bfLas colecciones son limitadas? S\u00ed, todas nuestras colecciones son limitadas y exclusivas para mantener la originalidad y exclusividad de cada pieza. \u00bfD\u00f3nde se fabrican los abrigos? Todos nuestros abrigos se dise\u00f1an, patronan y confeccionan a mano en nuestro taller propio en Tarragona \u00bfPuedo comprar online? S\u00ed, ofrecemos venta online directa. Tambi\u00e9n puedes contactarnos para visitar [&hellip;]<\/p>\n","protected":false},"author":1,"featured_media":0,"parent":0,"menu_order":0,"comment_status":"closed","ping_status":"closed","template":"template-faq.php","meta":{"footnotes":""},"class_list":["post-6202","page","type-page","status-publish","hentry"],"_links":{"self":[{"href":"https:\/\/talisne.com\/it\/wp-json\/wp\/v2\/pages\/6202","targetHints":{"allow":["GET"]}}],"collection":[{"href":"https:\/\/talisne.com\/it\/wp-json\/wp\/v2\/pages"}],"about":[{"href":"https:\/\/talisne.com\/it\/wp-json\/wp\/v2\/types\/page"}],"author":[{"embeddable":true,"href":"https:\/\/talisne.com\/it\/wp-json\/wp\/v2\/users\/1"}],"replies":[{"embeddable":true,"href":"https:\/\/talisne.com\/it\/wp-json\/wp\/v2\/comments?post=6202"}],"version-history":[{"count":4,"href":"https:\/\/talisne.com\/it\/wp-json\/wp\/v2\/pages\/6202\/revisions"}],"predecessor-version":[{"id":6677,"href":"https:\/\/talisne.com\/it\/wp-json\/wp\/v2\/pages\/6202\/revisions\/6677"}],"wp:attachment":[{"href":"https:\/\/talisne.com\/it\/wp-json\/wp\/v2\/media?parent=6202"}],"curies":[{"name":"wp","href":"https:\/\/api.w.org\/{rel}","templated":true}]}}