{"id":8540,"date":"2026-04-07T13:37:51","date_gmt":"2026-04-07T11:37:51","guid":{"rendered":"https:\/\/talisne.com\/?post_type=product&#038;p=8540"},"modified":"2026-04-07T15:55:41","modified_gmt":"2026-04-07T13:55:41","slug":"combinaison-monaco","status":"publish","type":"product","link":"https:\/\/talisne.com\/fr\/tienda\/non class\u00e9\/combinaison-monaco\/","title":{"rendered":"Combinaison Monaco"},"content":{"rendered":"<p data-start=\"556\" data-end=\"743\"><strong data-start=\"556\" data-end=\"576\">Caract\u00e9ristiques<\/strong><br data-start=\"576\" data-end=\"579\" \/>Couleur noir et blanc<br data-start=\"600\" data-end=\"603\" \/>N\u0153ud ajustable \u00e0 l\u2019avant et \u00e0 l\u2019arri\u00e8re<br data-start=\"642\" data-end=\"645\" \/>Fermeture \u00e9clair invisible sur le c\u00f4t\u00e9 gauche<br data-start=\"690\" data-end=\"693\" \/>Le mannequin mesure 169 cm et porte une taille S<\/p>\n<p data-start=\"745\" data-end=\"924\"><strong data-start=\"745\" data-end=\"760\">Composition<\/strong><br data-start=\"760\" data-end=\"763\" \/>Ext\u00e9rieur : 60 % coton, 30 % polyester, 5 % acrylique, 4 % polyamide et 1 % autres fibres<br data-start=\"852\" data-end=\"855\" \/>Int\u00e9rieur : 80 % triac\u00e9tate et 20 % polyester<br data-start=\"900\" data-end=\"903\" \/>Fabriqu\u00e9 en Espagne<\/p>\n","protected":false},"excerpt":{"rendered":"<p>Combinaison en tweed de coton avec n\u0153ud ajustable<\/p>\n","protected":false},"featured_media":8538,"template":"","meta":[],"product_brand":[],"product_cat":[],"product_tag":[],"class_list":{"0":"post-8540","1":"product","2":"type-product","3":"status-publish","4":"has-post-thumbnail","7":"first","8":"instock","9":"shipping-taxable","10":"purchasable","11":"product-type-variable"},"_links":{"self":[{"href":"https:\/\/talisne.com\/fr\/wp-json\/wp\/v2\/product\/8540","targetHints":{"allow":["GET"]}}],"collection":[{"href":"https:\/\/talisne.com\/fr\/wp-json\/wp\/v2\/product"}],"about":[{"href":"https:\/\/talisne.com\/fr\/wp-json\/wp\/v2\/types\/product"}],"wp:featuredmedia":[{"embeddable":true,"href":"https:\/\/talisne.com\/fr\/wp-json\/wp\/v2\/media\/8538"}],"wp:attachment":[{"href":"https:\/\/talisne.com\/fr\/wp-json\/wp\/v2\/media?parent=8540"}],"wp:term":[{"taxonomy":"product_brand","embeddable":true,"href":"https:\/\/talisne.com\/fr\/wp-json\/wp\/v2\/product_brand?post=8540"},{"taxonomy":"product_cat","embeddable":true,"href":"https:\/\/talisne.com\/fr\/wp-json\/wp\/v2\/product_cat?post=8540"},{"taxonomy":"product_tag","embeddable":true,"href":"https:\/\/talisne.com\/fr\/wp-json\/wp\/v2\/product_tag?post=8540"}],"curies":[{"name":"wp","href":"https:\/\/api.w.org\/{rel}","templated":true}]}}