{"id":7849,"date":"2026-02-15T19:45:22","date_gmt":"2026-02-15T18:45:22","guid":{"rendered":"https:\/\/talisne.com\/?post_type=product&#038;p=7849"},"modified":"2026-03-02T14:35:36","modified_gmt":"2026-03-02T13:35:36","slug":"manteau-noisette","status":"publish","type":"product","link":"https:\/\/talisne.com\/fr\/tienda\/manteaux\/manteau-noisette\/","title":{"rendered":"Manteau Noisette"},"content":{"rendered":"<p data-start=\"2310\" data-end=\"2328\">Caract\u00e9ristiques<\/p>\n<p data-start=\"2330\" data-end=\"2526\">Ceinture amovible<br data-start=\"2347\" data-end=\"2350\" \/>R\u00e9versible: un c\u00f4t\u00e9 uni, l\u2019autre \u00e0 carreaux<br data-start=\"2393\" data-end=\"2396\" \/>Poches plaqu\u00e9es<br data-start=\"2411\" data-end=\"2414\" \/>Couleur chocolat<br data-start=\"2430\" data-end=\"2433\" \/>D\u00e9tails en vison naturel cousus \u00e0 la main<br data-start=\"2474\" data-end=\"2477\" \/>La mannequin mesure 169 cm et porte la taille S<\/p>\n<p data-start=\"2528\" data-end=\"2541\">Composition<\/p>\n<p data-start=\"2543\" data-end=\"2689\">Ext\u00e9rieur: 70 % laine vierge, 15 % cachemire, 15 % polyamide<br data-start=\"2603\" data-end=\"2606\" \/>Int\u00e9rieur: 100 % laine vierge<br data-start=\"2635\" data-end=\"2638\" \/>D\u00e9tails: 100 % vison marron<br data-start=\"2665\" data-end=\"2668\" \/>Fabriqu\u00e9 en Espagne<\/p>\n<hr data-start=\"2691\" data-end=\"2694\" \/>\n","protected":false},"excerpt":{"rendered":"<p>Manteau r\u00e9versible en laine vierge et cachemire avec d\u00e9tails en fourrure de vison marron.<\/p>\n","protected":false},"featured_media":7844,"template":"","meta":[],"product_brand":[],"product_cat":[138],"product_tag":[],"class_list":{"0":"post-7849","1":"product","2":"type-product","3":"status-publish","4":"has-post-thumbnail","6":"product_cat-manteaux","8":"first","9":"instock","10":"shipping-taxable","11":"purchasable","12":"product-type-variable"},"_links":{"self":[{"href":"https:\/\/talisne.com\/fr\/wp-json\/wp\/v2\/product\/7849","targetHints":{"allow":["GET"]}}],"collection":[{"href":"https:\/\/talisne.com\/fr\/wp-json\/wp\/v2\/product"}],"about":[{"href":"https:\/\/talisne.com\/fr\/wp-json\/wp\/v2\/types\/product"}],"wp:featuredmedia":[{"embeddable":true,"href":"https:\/\/talisne.com\/fr\/wp-json\/wp\/v2\/media\/7844"}],"wp:attachment":[{"href":"https:\/\/talisne.com\/fr\/wp-json\/wp\/v2\/media?parent=7849"}],"wp:term":[{"taxonomy":"product_brand","embeddable":true,"href":"https:\/\/talisne.com\/fr\/wp-json\/wp\/v2\/product_brand?post=7849"},{"taxonomy":"product_cat","embeddable":true,"href":"https:\/\/talisne.com\/fr\/wp-json\/wp\/v2\/product_cat?post=7849"},{"taxonomy":"product_tag","embeddable":true,"href":"https:\/\/talisne.com\/fr\/wp-json\/wp\/v2\/product_tag?post=7849"}],"curies":[{"name":"wp","href":"https:\/\/api.w.org\/{rel}","templated":true}]}}