{"id":7584,"date":"2026-02-15T19:48:16","date_gmt":"2026-02-15T18:48:16","guid":{"rendered":"https:\/\/talisne.com\/?post_type=product&#038;p=7584"},"modified":"2026-03-02T14:16:54","modified_gmt":"2026-03-02T13:16:54","slug":"manteau-lune-de-argent","status":"publish","type":"product","link":"https:\/\/talisne.com\/fr\/tienda\/manteaux\/manteau-lune-de-argent\/","title":{"rendered":"Manteau Lune de Argent"},"content":{"rendered":"<p data-start=\"2066\" data-end=\"2084\">Caract\u00e9ristiques<\/p>\n<p data-start=\"2086\" data-end=\"2242\">Ceinture amovible<br data-start=\"2103\" data-end=\"2106\" \/>Poches plaqu\u00e9es<br data-start=\"2121\" data-end=\"2124\" \/>D\u00e9tails en fourrure de vison cousus \u00e0 la main<br data-start=\"2169\" data-end=\"2172\" \/>Couleur gris fonc\u00e9<br data-start=\"2190\" data-end=\"2193\" \/>La mannequin mesure 169 cm et porte la taille S<\/p>\n<p data-start=\"2244\" data-end=\"2257\">Composition<\/p>\n<p data-start=\"2259\" data-end=\"2402\">Ext\u00e9rieur: 70 % laine vierge, 15 % cachemire, 15 % polyamide<br data-start=\"2319\" data-end=\"2322\" \/>Int\u00e9rieur: 100 % soie pure<br data-start=\"2348\" data-end=\"2351\" \/>D\u00e9tails: 100 % vison argent<br data-start=\"2378\" data-end=\"2381\" \/>Fabriqu\u00e9 en Espagne<\/p>\n","protected":false},"excerpt":{"rendered":"<p>Manteau gris fonc\u00e9 en laine vierge et cachemire avec d\u00e9tails en fourrure de vison argent\u00e9e.<\/p>\n","protected":false},"featured_media":7581,"template":"","meta":[],"product_brand":[],"product_cat":[138],"product_tag":[],"class_list":{"0":"post-7584","1":"product","2":"type-product","3":"status-publish","4":"has-post-thumbnail","6":"product_cat-manteaux","8":"first","9":"instock","10":"shipping-taxable","11":"purchasable","12":"product-type-variable"},"_links":{"self":[{"href":"https:\/\/talisne.com\/fr\/wp-json\/wp\/v2\/product\/7584","targetHints":{"allow":["GET"]}}],"collection":[{"href":"https:\/\/talisne.com\/fr\/wp-json\/wp\/v2\/product"}],"about":[{"href":"https:\/\/talisne.com\/fr\/wp-json\/wp\/v2\/types\/product"}],"wp:featuredmedia":[{"embeddable":true,"href":"https:\/\/talisne.com\/fr\/wp-json\/wp\/v2\/media\/7581"}],"wp:attachment":[{"href":"https:\/\/talisne.com\/fr\/wp-json\/wp\/v2\/media?parent=7584"}],"wp:term":[{"taxonomy":"product_brand","embeddable":true,"href":"https:\/\/talisne.com\/fr\/wp-json\/wp\/v2\/product_brand?post=7584"},{"taxonomy":"product_cat","embeddable":true,"href":"https:\/\/talisne.com\/fr\/wp-json\/wp\/v2\/product_cat?post=7584"},{"taxonomy":"product_tag","embeddable":true,"href":"https:\/\/talisne.com\/fr\/wp-json\/wp\/v2\/product_tag?post=7584"}],"curies":[{"name":"wp","href":"https:\/\/api.w.org\/{rel}","templated":true}]}}