{"id":7335,"date":"2026-02-15T19:51:48","date_gmt":"2026-02-15T18:51:48","guid":{"rendered":"https:\/\/talisne.com\/?post_type=product&#038;p=7335"},"modified":"2026-03-02T13:58:51","modified_gmt":"2026-03-02T12:58:51","slug":"veste-coton-sucre","status":"publish","type":"product","link":"https:\/\/talisne.com\/fr\/tienda\/vestes\/veste-coton-sucre\/","title":{"rendered":"Veste Coton Sucre"},"content":{"rendered":"<p data-start=\"2015\" data-end=\"2033\">Caract\u00e9ristiques<\/p>\n<p data-start=\"2035\" data-end=\"2150\">Couleur rose p\u00e2le<br data-start=\"2052\" data-end=\"2055\" \/>D\u00e9tails en fourrure de rex cousus \u00e0 la main<br data-start=\"2098\" data-end=\"2101\" \/>La mannequin mesure 169 cm et porte la taille S<\/p>\n<p data-start=\"2152\" data-end=\"2165\">Composition<\/p>\n<p data-start=\"2167\" data-end=\"2308\">Ext\u00e9rieur: 70 % laine vierge, 15 % cachemire, 15 % polyamide<br data-start=\"2227\" data-end=\"2230\" \/>Int\u00e9rieur: 100 % triac\u00e9tate<br data-start=\"2257\" data-end=\"2260\" \/>D\u00e9tails: 100 % silky rex<br data-start=\"2284\" data-end=\"2287\" \/>Fabriqu\u00e9 en Espagne<\/p>\n","protected":false},"excerpt":{"rendered":"<p data-start=\"1903\" data-end=\"2013\">Veste oversize rose b\u00e9b\u00e9 en laine vierge et cachemire avec d\u00e9tails en fourrure de rex imitant la chinchilla.<\/p>\n","protected":false},"featured_media":7333,"template":"","meta":[],"product_brand":[],"product_cat":[139],"product_tag":[],"class_list":{"0":"post-7335","1":"product","2":"type-product","3":"status-publish","4":"has-post-thumbnail","6":"product_cat-vestes","8":"first","9":"instock","10":"shipping-taxable","11":"purchasable","12":"product-type-variable"},"_links":{"self":[{"href":"https:\/\/talisne.com\/fr\/wp-json\/wp\/v2\/product\/7335","targetHints":{"allow":["GET"]}}],"collection":[{"href":"https:\/\/talisne.com\/fr\/wp-json\/wp\/v2\/product"}],"about":[{"href":"https:\/\/talisne.com\/fr\/wp-json\/wp\/v2\/types\/product"}],"wp:featuredmedia":[{"embeddable":true,"href":"https:\/\/talisne.com\/fr\/wp-json\/wp\/v2\/media\/7333"}],"wp:attachment":[{"href":"https:\/\/talisne.com\/fr\/wp-json\/wp\/v2\/media?parent=7335"}],"wp:term":[{"taxonomy":"product_brand","embeddable":true,"href":"https:\/\/talisne.com\/fr\/wp-json\/wp\/v2\/product_brand?post=7335"},{"taxonomy":"product_cat","embeddable":true,"href":"https:\/\/talisne.com\/fr\/wp-json\/wp\/v2\/product_cat?post=7335"},{"taxonomy":"product_tag","embeddable":true,"href":"https:\/\/talisne.com\/fr\/wp-json\/wp\/v2\/product_tag?post=7335"}],"curies":[{"name":"wp","href":"https:\/\/api.w.org\/{rel}","templated":true}]}}