{"id":8259,"date":"2026-03-01T16:04:06","date_gmt":"2026-03-01T15:04:06","guid":{"rendered":"https:\/\/talisne.com\/?page_id=8259"},"modified":"2026-03-04T11:36:15","modified_gmt":"2026-03-04T10:36:15","slug":"fibres-naturelles","status":"publish","type":"page","link":"https:\/\/talisne.com\/fr\/fibres-naturelles\/","title":{"rendered":"Fibres Naturelles"},"content":{"rendered":"\n<p>Nous s\u00e9lectionnons uniquement des mat\u00e9riaux de haute qualit\u00e9 pour confectionner nos cr\u00e9ations, soigneusement choisis afin d\u2019offrir une exp\u00e9rience unique.<\/p>\n","protected":false},"excerpt":{"rendered":"<p>Nous s\u00e9lectionnons uniquement des mat\u00e9riaux de haute qualit\u00e9 pour confectionner nos cr\u00e9ations, soigneusement choisis afin d\u2019offrir une exp\u00e9rience unique.<\/p>\n","protected":false},"author":4,"featured_media":0,"parent":0,"menu_order":0,"comment_status":"closed","ping_status":"closed","template":"template-fibras-naturales.php","meta":{"footnotes":""},"class_list":["post-8259","page","type-page","status-publish","hentry"],"_links":{"self":[{"href":"https:\/\/talisne.com\/fr\/wp-json\/wp\/v2\/pages\/8259","targetHints":{"allow":["GET"]}}],"collection":[{"href":"https:\/\/talisne.com\/fr\/wp-json\/wp\/v2\/pages"}],"about":[{"href":"https:\/\/talisne.com\/fr\/wp-json\/wp\/v2\/types\/page"}],"author":[{"embeddable":true,"href":"https:\/\/talisne.com\/fr\/wp-json\/wp\/v2\/users\/4"}],"replies":[{"embeddable":true,"href":"https:\/\/talisne.com\/fr\/wp-json\/wp\/v2\/comments?post=8259"}],"version-history":[{"count":1,"href":"https:\/\/talisne.com\/fr\/wp-json\/wp\/v2\/pages\/8259\/revisions"}],"predecessor-version":[{"id":8260,"href":"https:\/\/talisne.com\/fr\/wp-json\/wp\/v2\/pages\/8259\/revisions\/8260"}],"wp:attachment":[{"href":"https:\/\/talisne.com\/fr\/wp-json\/wp\/v2\/media?parent=8259"}],"curies":[{"name":"wp","href":"https:\/\/api.w.org\/{rel}","templated":true}]}}