{"id":8219,"date":"2022-09-30T09:17:13","date_gmt":"2022-09-30T07:17:13","guid":{"rendered":"https:\/\/talisne.com\/mentions-legales\/"},"modified":"2022-09-30T09:17:13","modified_gmt":"2022-09-30T07:17:13","slug":"mentions-legales","status":"publish","type":"page","link":"https:\/\/talisne.com\/fr\/mentions-legales\/","title":{"rendered":"Mentions L\u00e9gales"},"content":{"rendered":"<p data-start=\"3039\" data-end=\"3061\"><strong data-start=\"3039\" data-end=\"3059\">Mentions L\u00e9gales<\/strong><\/p>\n<ol data-start=\"3062\" data-end=\"3095\">\n<li data-start=\"3062\" data-end=\"3095\">\n<p data-start=\"3065\" data-end=\"3095\">Informations Identificatives<\/p>\n<\/li>\n<\/ol>\n<p data-start=\"3097\" data-end=\"3302\">Conform\u00e9ment \u00e0 l\u2019obligation d\u2019information pr\u00e9vue \u00e0 l\u2019article 10 de la loi 34\/2002 du 11 juillet sur les services de la soci\u00e9t\u00e9 de l\u2019information et le commerce \u00e9lectronique (LSSI-CE), il est pr\u00e9cis\u00e9 que :<\/p>\n<p data-start=\"3304\" data-end=\"3520\">Titulaire : Mar\u00eda Soledad Ruiz Fern\u00e1ndez<br data-start=\"3344\" data-end=\"3347\" \/>Nom commercial : TALISNE<br data-start=\"3371\" data-end=\"3374\" \/>Adresse : Carrer Bovila num\u00e9ro 2, Roda de Bar\u00e1, 43883, Tarragone<br data-start=\"3438\" data-end=\"3441\" \/>NIF\/CIF : 45470667N<br data-start=\"3460\" data-end=\"3463\" \/>Email : [<a class=\"decorated-link cursor-pointer\" rel=\"noopener\">info@talisne.com<\/a>]<br data-start=\"3489\" data-end=\"3492\" \/>Site web : <a class=\"decorated-link cursor-pointer\" target=\"_new\" rel=\"noopener\" data-start=\"3503\" data-end=\"3518\">www.talisne.com<\/a><\/p>\n<p data-start=\"3522\" data-end=\"3670\">Le titulaire est responsable du site web et met ce document \u00e0 la disposition des utilisateurs afin de se conformer \u00e0 la r\u00e9glementation en vigueur.<\/p>\n<ol start=\"2\" data-start=\"3672\" data-end=\"4112\">\n<li data-start=\"3672\" data-end=\"3912\">\n<p data-start=\"3675\" data-end=\"3912\">Objet<br data-start=\"3680\" data-end=\"3683\" \/>Le pr\u00e9sent Avis L\u00e9gal r\u00e9git l\u2019acc\u00e8s, la navigation et l\u2019utilisation du site <a class=\"decorated-link cursor-pointer\" target=\"_new\" rel=\"noopener\" data-start=\"3759\" data-end=\"3774\">www.talisne.com<\/a>, ainsi que les responsabilit\u00e9s d\u00e9coulant de l\u2019utilisation de son contenu (textes, images, designs, produits, informations et services).<\/p>\n<\/li>\n<li data-start=\"3914\" data-end=\"4112\">\n<p data-start=\"3917\" data-end=\"4112\">Conditions d\u2019Utilisation<br data-start=\"3941\" data-end=\"3944\" \/>L\u2019acc\u00e8s et l\u2019utilisation du site conf\u00e8rent la qualit\u00e9 d\u2019utilisateur et impliquent l\u2019acceptation pleine et enti\u00e8re de toutes les dispositions de ce pr\u00e9sent Avis L\u00e9gal.<\/p>\n<\/li>\n<\/ol>\n<p data-start=\"4114\" data-end=\"4142\">L\u2019utilisateur s\u2019engage \u00e0 :<\/p>\n<ul data-start=\"4143\" data-end=\"4351\">\n<li data-start=\"4143\" data-end=\"4183\">\n<p data-start=\"4145\" data-end=\"4183\">Faire un usage appropri\u00e9 du site web<\/p>\n<\/li>\n<li data-start=\"4184\" data-end=\"4283\">\n<p data-start=\"4186\" data-end=\"4283\">Ne pas l\u2019utiliser pour des activit\u00e9s ill\u00e9gales ou contraires \u00e0 la bonne foi et \u00e0 l\u2019ordre public<\/p>\n<\/li>\n<li data-start=\"4284\" data-end=\"4351\">\n<p data-start=\"4286\" data-end=\"4351\">Ne pas endommager les syst\u00e8mes physiques ou logiques de TALISNE<\/p>\n<\/li>\n<\/ul>\n<p data-start=\"4353\" data-end=\"4461\">TALISNE se r\u00e9serve le droit de modifier \u00e0 tout moment les informations contenues sur le site sans pr\u00e9avis.<\/p>\n<ol start=\"4\" data-start=\"4463\" data-end=\"4786\">\n<li data-start=\"4463\" data-end=\"4786\">\n<p data-start=\"4466\" data-end=\"4786\">Propri\u00e9t\u00e9 Intellectuelle et Industrielle<br data-start=\"4506\" data-end=\"4509\" \/>Tous les contenus du site (designs, textes, photographies, logos, marque TALISNE, illustrations, structure, code, etc.) sont la propri\u00e9t\u00e9 exclusive de TALISNE ou de ses conc\u00e9dants et sont prot\u00e9g\u00e9s par la l\u00e9gislation en vigueur sur la propri\u00e9t\u00e9 intellectuelle et industrielle.<\/p>\n<\/li>\n<\/ol>\n<p data-start=\"4788\" data-end=\"4819\">Sont express\u00e9ment interdits :<\/p>\n<ul data-start=\"4820\" data-end=\"4980\">\n<li data-start=\"4820\" data-end=\"4859\">\n<p data-start=\"4822\" data-end=\"4859\">La reproduction totale ou partielle<\/p>\n<\/li>\n<li data-start=\"4860\" data-end=\"4905\">\n<p data-start=\"4862\" data-end=\"4905\">La distribution ou communication publique<\/p>\n<\/li>\n<li data-start=\"4906\" data-end=\"4980\">\n<p data-start=\"4908\" data-end=\"4980\">La transformation ou exploitation commerciale sans autorisation \u00e9crite<\/p>\n<\/li>\n<\/ul>\n<p data-start=\"4982\" data-end=\"5055\">L\u2019utilisation non autoris\u00e9e peut entra\u00eener des responsabilit\u00e9s l\u00e9gales.<\/p>\n<ol start=\"5\" data-start=\"5057\" data-end=\"5110\">\n<li data-start=\"5057\" data-end=\"5110\">\n<p data-start=\"5060\" data-end=\"5110\">Responsabilit\u00e9<br data-start=\"5074\" data-end=\"5077\" \/>TALISNE n\u2019est pas responsable :<\/p>\n<\/li>\n<\/ol>\n<ul data-start=\"5111\" data-end=\"5265\">\n<li data-start=\"5111\" data-end=\"5157\">\n<p data-start=\"5113\" data-end=\"5157\">Des erreurs ou omissions dans les contenus<\/p>\n<\/li>\n<li data-start=\"5158\" data-end=\"5201\">\n<p data-start=\"5160\" data-end=\"5201\">De l\u2019indisponibilit\u00e9 temporaire du site<\/p>\n<\/li>\n<li data-start=\"5202\" data-end=\"5265\">\n<p data-start=\"5204\" data-end=\"5265\">Des dommages r\u00e9sultant d\u2019une utilisation incorrecte du site<\/p>\n<\/li>\n<\/ul>\n<p data-start=\"5267\" data-end=\"5384\">Toutes les mesures techniques n\u00e9cessaires sont cependant prises pour garantir le bon fonctionnement et la s\u00e9curit\u00e9.<\/p>\n<ol start=\"6\" data-start=\"5386\" data-end=\"6101\">\n<li data-start=\"5386\" data-end=\"5577\">\n<p data-start=\"5389\" data-end=\"5577\">Liens Externes<br data-start=\"5403\" data-end=\"5406\" \/>Si le site contient des liens vers des pages externes, TALISNE n\u2019exerce aucun contr\u00f4le sur ces sites et contenus et n\u2019assume aucune responsabilit\u00e9 pour le contenu tiers.<\/p>\n<\/li>\n<li data-start=\"5579\" data-end=\"5719\">\n<p data-start=\"5582\" data-end=\"5719\">Protection des Donn\u00e9es<br data-start=\"5604\" data-end=\"5607\" \/>Le traitement des donn\u00e9es personnelles est r\u00e9gi par la Politique de Confidentialit\u00e9 accessible depuis le site.<\/p>\n<\/li>\n<li data-start=\"5721\" data-end=\"5898\">\n<p data-start=\"5724\" data-end=\"5898\">Utilisation des Cookies<br data-start=\"5747\" data-end=\"5750\" \/>Ce site utilise des cookies propres et tiers pour am\u00e9liorer l\u2019exp\u00e9rience utilisateur. Pour plus d\u2019informations, consultez la Politique de Cookies.<\/p>\n<\/li>\n<li data-start=\"5900\" data-end=\"6101\">\n<p data-start=\"5903\" data-end=\"6101\">L\u00e9gislation Applicable et Juridiction<br data-start=\"5940\" data-end=\"5943\" \/>Le pr\u00e9sent Avis L\u00e9gal est r\u00e9gi par le droit espagnol.<br data-start=\"5996\" data-end=\"5999\" \/>Tout litige sera soumis aux tribunaux de Tarragone, sauf disposition contraire de la loi applicable.<\/p>\n<\/li>\n<\/ol>\n","protected":false},"excerpt":{"rendered":"<p>Mentions L\u00e9gales Informations Identificatives Conform\u00e9ment \u00e0 l\u2019obligation d\u2019information pr\u00e9vue \u00e0 l\u2019article 10 de la loi 34\/2002 du 11 juillet sur les services de la soci\u00e9t\u00e9 de l\u2019information et le commerce \u00e9lectronique (LSSI-CE), il est pr\u00e9cis\u00e9 que : Titulaire : Mar\u00eda Soledad Ruiz Fern\u00e1ndezNom commercial : TALISNEAdresse : Carrer Bovila num\u00e9ro 2, Roda de Bar\u00e1, 43883, [&hellip;]<\/p>\n","protected":false},"author":1,"featured_media":0,"parent":0,"menu_order":0,"comment_status":"closed","ping_status":"closed","template":"template-legal.php","meta":{"footnotes":""},"class_list":["post-8219","page","type-page","status-publish","hentry"],"_links":{"self":[{"href":"https:\/\/talisne.com\/fr\/wp-json\/wp\/v2\/pages\/8219","targetHints":{"allow":["GET"]}}],"collection":[{"href":"https:\/\/talisne.com\/fr\/wp-json\/wp\/v2\/pages"}],"about":[{"href":"https:\/\/talisne.com\/fr\/wp-json\/wp\/v2\/types\/page"}],"author":[{"embeddable":true,"href":"https:\/\/talisne.com\/fr\/wp-json\/wp\/v2\/users\/1"}],"replies":[{"embeddable":true,"href":"https:\/\/talisne.com\/fr\/wp-json\/wp\/v2\/comments?post=8219"}],"version-history":[{"count":0,"href":"https:\/\/talisne.com\/fr\/wp-json\/wp\/v2\/pages\/8219\/revisions"}],"wp:attachment":[{"href":"https:\/\/talisne.com\/fr\/wp-json\/wp\/v2\/media?parent=8219"}],"curies":[{"name":"wp","href":"https:\/\/api.w.org\/{rel}","templated":true}]}}