{"id":8173,"date":"2026-03-01T17:17:07","date_gmt":"2026-03-01T16:17:07","guid":{"rendered":"https:\/\/talisne.com\/?page_id=8173"},"modified":"2026-03-03T19:35:51","modified_gmt":"2026-03-03T18:35:51","slug":"notre-atelier","status":"publish","type":"page","link":"https:\/\/talisne.com\/fr\/notre-atelier\/","title":{"rendered":"Notre Atelier"},"content":{"rendered":"\n<p>Nous croyons au v\u00e9ritable luxe : celui qui na\u00eet du savoir-faire, de l\u2019exp\u00e9rience et du travail artisanal. Nous disposons de couturi\u00e8res sp\u00e9cialis\u00e9es en haute couture, qui travaillent chaque v\u00eatement avec pr\u00e9cision en soignant le moindre d\u00e9tail. Nos fourreurs poss\u00e8dent des ann\u00e9es d\u2019exp\u00e9rience dans le secteur du cuir, garantissant un r\u00e9sultat impeccable.<\/p>\n","protected":false},"excerpt":{"rendered":"<p>Nous croyons au v\u00e9ritable luxe : celui qui na\u00eet du savoir-faire, de l\u2019exp\u00e9rience et du travail artisanal. Nous disposons de couturi\u00e8res sp\u00e9cialis\u00e9es en haute couture, qui travaillent chaque v\u00eatement avec pr\u00e9cision en soignant le moindre d\u00e9tail. Nos fourreurs poss\u00e8dent des ann\u00e9es d\u2019exp\u00e9rience dans le secteur du cuir, garantissant un r\u00e9sultat impeccable.<\/p>\n","protected":false},"author":4,"featured_media":0,"parent":0,"menu_order":0,"comment_status":"closed","ping_status":"closed","template":"template-nuestra-fabrica.php","meta":{"footnotes":""},"class_list":["post-8173","page","type-page","status-publish","hentry"],"_links":{"self":[{"href":"https:\/\/talisne.com\/fr\/wp-json\/wp\/v2\/pages\/8173","targetHints":{"allow":["GET"]}}],"collection":[{"href":"https:\/\/talisne.com\/fr\/wp-json\/wp\/v2\/pages"}],"about":[{"href":"https:\/\/talisne.com\/fr\/wp-json\/wp\/v2\/types\/page"}],"author":[{"embeddable":true,"href":"https:\/\/talisne.com\/fr\/wp-json\/wp\/v2\/users\/4"}],"replies":[{"embeddable":true,"href":"https:\/\/talisne.com\/fr\/wp-json\/wp\/v2\/comments?post=8173"}],"version-history":[{"count":1,"href":"https:\/\/talisne.com\/fr\/wp-json\/wp\/v2\/pages\/8173\/revisions"}],"predecessor-version":[{"id":8174,"href":"https:\/\/talisne.com\/fr\/wp-json\/wp\/v2\/pages\/8173\/revisions\/8174"}],"wp:attachment":[{"href":"https:\/\/talisne.com\/fr\/wp-json\/wp\/v2\/media?parent=8173"}],"curies":[{"name":"wp","href":"https:\/\/api.w.org\/{rel}","templated":true}]}}