{"id":8161,"date":"2026-03-01T16:04:15","date_gmt":"2026-03-01T15:04:15","guid":{"rendered":"https:\/\/talisne.com\/?page_id=8161"},"modified":"2026-03-03T19:30:19","modified_gmt":"2026-03-03T18:30:19","slug":"emballage","status":"publish","type":"page","link":"https:\/\/talisne.com\/fr\/emballage\/","title":{"rendered":"Emballage"},"content":{"rendered":"\n<p>Tous nos produits seront livr\u00e9s dans notre emballage personnalis\u00e9 afin d\u2019offrir une exp\u00e9rience sophistiqu\u00e9e et unique d\u00e8s le premier instant.<\/p>\n","protected":false},"excerpt":{"rendered":"<p>Tous nos produits seront livr\u00e9s dans notre emballage personnalis\u00e9 afin d\u2019offrir une exp\u00e9rience sophistiqu\u00e9e et unique d\u00e8s le premier instant.<\/p>\n","protected":false},"author":4,"featured_media":0,"parent":0,"menu_order":0,"comment_status":"closed","ping_status":"closed","template":"template-packaging.php","meta":{"footnotes":""},"class_list":["post-8161","page","type-page","status-publish","hentry"],"_links":{"self":[{"href":"https:\/\/talisne.com\/fr\/wp-json\/wp\/v2\/pages\/8161","targetHints":{"allow":["GET"]}}],"collection":[{"href":"https:\/\/talisne.com\/fr\/wp-json\/wp\/v2\/pages"}],"about":[{"href":"https:\/\/talisne.com\/fr\/wp-json\/wp\/v2\/types\/page"}],"author":[{"embeddable":true,"href":"https:\/\/talisne.com\/fr\/wp-json\/wp\/v2\/users\/4"}],"replies":[{"embeddable":true,"href":"https:\/\/talisne.com\/fr\/wp-json\/wp\/v2\/comments?post=8161"}],"version-history":[{"count":1,"href":"https:\/\/talisne.com\/fr\/wp-json\/wp\/v2\/pages\/8161\/revisions"}],"predecessor-version":[{"id":8162,"href":"https:\/\/talisne.com\/fr\/wp-json\/wp\/v2\/pages\/8161\/revisions\/8162"}],"wp:attachment":[{"href":"https:\/\/talisne.com\/fr\/wp-json\/wp\/v2\/media?parent=8161"}],"curies":[{"name":"wp","href":"https:\/\/api.w.org\/{rel}","templated":true}]}}