{"id":8074,"date":"2022-09-27T14:17:30","date_gmt":"2022-09-27T12:17:30","guid":{"rendered":"https:\/\/talisne.com\/?page_id=8074"},"modified":"2026-03-03T18:47:04","modified_gmt":"2026-03-03T17:47:04","slug":"univers-talisne","status":"publish","type":"page","link":"https:\/\/talisne.com\/fr\/univers-talisne\/","title":{"rendered":"UNIVERS TALISNE"},"content":{"rendered":"\n<p>La marque TALISNE na\u00eet d\u2019un lien profond avec le design, la qualit\u00e9 et la f\u00e9minit\u00e9. Des premiers croquis aux derni\u00e8res finitions r\u00e9alis\u00e9es \u00e0 la main, chaque manteau TALISNE est une pi\u00e8ce unique confectionn\u00e9e dans notre propre atelier \u00e0 Tarragone.<\/p>\n\n\n\n<p>Nous associons la haute couture \u00e0 la fourrure fine, en utilisant des tissus naturels et exclusifs tels que la laine vierge, le cachemire et des doublures en soie pure, ainsi que des d\u00e9tails en fourrure naturelle. Nos collections sont limit\u00e9es et exclusives, pens\u00e9es pour des femmes en qu\u00eate de qualit\u00e9, de beaut\u00e9 et d\u2019originalit\u00e9.<\/p>\n\n\n\n<p>Nous croyons en un luxe authentique, \u00e9motionnel et diff\u00e9rent, qui s\u2019exprime \u00e0 travers la couleur, la forme et les petits d\u00e9tails qui font toute la diff\u00e9rence.<\/p>\n","protected":false},"excerpt":{"rendered":"<p>La marque TALISNE na\u00eet d\u2019un lien profond avec le design, la qualit\u00e9 et la f\u00e9minit\u00e9. Des premiers croquis aux derni\u00e8res finitions r\u00e9alis\u00e9es \u00e0 la main, chaque manteau TALISNE est une pi\u00e8ce unique confectionn\u00e9e dans notre propre atelier \u00e0 Tarragone. Nous associons la haute couture \u00e0 la fourrure fine, en utilisant des tissus naturels et exclusifs [&hellip;]<\/p>\n","protected":false},"author":4,"featured_media":0,"parent":0,"menu_order":0,"comment_status":"closed","ping_status":"closed","template":"template-universo-talisne.php","meta":{"footnotes":""},"class_list":["post-8074","page","type-page","status-publish","hentry"],"_links":{"self":[{"href":"https:\/\/talisne.com\/fr\/wp-json\/wp\/v2\/pages\/8074","targetHints":{"allow":["GET"]}}],"collection":[{"href":"https:\/\/talisne.com\/fr\/wp-json\/wp\/v2\/pages"}],"about":[{"href":"https:\/\/talisne.com\/fr\/wp-json\/wp\/v2\/types\/page"}],"author":[{"embeddable":true,"href":"https:\/\/talisne.com\/fr\/wp-json\/wp\/v2\/users\/4"}],"replies":[{"embeddable":true,"href":"https:\/\/talisne.com\/fr\/wp-json\/wp\/v2\/comments?post=8074"}],"version-history":[{"count":1,"href":"https:\/\/talisne.com\/fr\/wp-json\/wp\/v2\/pages\/8074\/revisions"}],"predecessor-version":[{"id":8075,"href":"https:\/\/talisne.com\/fr\/wp-json\/wp\/v2\/pages\/8074\/revisions\/8075"}],"wp:attachment":[{"href":"https:\/\/talisne.com\/fr\/wp-json\/wp\/v2\/media?parent=8074"}],"curies":[{"name":"wp","href":"https:\/\/api.w.org\/{rel}","templated":true}]}}