{"id":8054,"date":"2026-02-28T09:47:03","date_gmt":"2026-02-28T08:47:03","guid":{"rendered":"https:\/\/talisne.com\/politique-relative-aux-cookies\/"},"modified":"2026-02-28T09:47:03","modified_gmt":"2026-02-28T08:47:03","slug":"politique-relative-aux-cookies","status":"publish","type":"page","link":"https:\/\/talisne.com\/fr\/politique-relative-aux-cookies\/","title":{"rendered":"Politique relative aux cookies"},"content":{"rendered":"<h1 data-start=\"48\" data-end=\"80\">Politique relative aux cookies<\/h1>\n<h2 data-start=\"82\" data-end=\"110\">1. Que sont les cookies ?<\/h2>\n<p data-start=\"112\" data-end=\"383\">Un cookie est un petit fichier texte t\u00e9l\u00e9charg\u00e9 sur votre appareil (ordinateur, t\u00e9l\u00e9phone mobile ou tablette) lorsque vous acc\u00e9dez \u00e0 certains sites web. Ils permettent notamment de stocker et de r\u00e9cup\u00e9rer des informations sur les habitudes de navigation d\u2019un utilisateur.<\/p>\n<h2 data-start=\"385\" data-end=\"438\">2. Quels types de cookies TALISNE utilise-t-elle ?<\/h2>\n<p data-start=\"440\" data-end=\"513\">Sur <a class=\"decorated-link cursor-pointer\" target=\"_new\" rel=\"noopener\" data-start=\"444\" data-end=\"459\">www.talisne.com<\/a>, nous utilisons les cat\u00e9gories de cookies suivantes :<\/p>\n<h3 data-start=\"515\" data-end=\"551\">Cookies techniques (n\u00e9cessaires)<\/h3>\n<p data-start=\"553\" data-end=\"654\">Ils permettent le fonctionnement de base du site web. Ces cookies ne n\u00e9cessitent pas de consentement.<\/p>\n<p data-start=\"656\" data-end=\"670\"><strong data-start=\"656\" data-end=\"670\">Exemples :<\/strong><\/p>\n<ul data-start=\"672\" data-end=\"758\">\n<li data-start=\"672\" data-end=\"701\">\n<p data-start=\"674\" data-end=\"701\">Gestion du panier d\u2019achat<\/p>\n<\/li>\n<li data-start=\"702\" data-end=\"715\">\n<p data-start=\"704\" data-end=\"715\">Connexion<\/p>\n<\/li>\n<li data-start=\"716\" data-end=\"728\">\n<p data-start=\"718\" data-end=\"728\">S\u00e9curit\u00e9<\/p>\n<\/li>\n<li data-start=\"729\" data-end=\"758\">\n<p data-start=\"731\" data-end=\"758\">Pr\u00e9f\u00e9rences linguistiques<\/p>\n<\/li>\n<\/ul>\n<h3 data-start=\"760\" data-end=\"800\">Cookies d\u2019analyse (Google Analytics)<\/h3>\n<p data-start=\"802\" data-end=\"896\">Ils nous permettent d\u2019analyser le comportement des utilisateurs afin d\u2019am\u00e9liorer l\u2019exp\u00e9rience.<\/p>\n<p data-start=\"898\" data-end=\"953\">Fournisseur : Google LLC \u2014 Outil : Google Analytics 4<\/p>\n<p data-start=\"955\" data-end=\"980\">Informations collect\u00e9es :<\/p>\n<ul data-start=\"982\" data-end=\"1077\">\n<li data-start=\"982\" data-end=\"1000\">\n<p data-start=\"984\" data-end=\"1000\">Pages visit\u00e9es<\/p>\n<\/li>\n<li data-start=\"1001\" data-end=\"1024\">\n<p data-start=\"1003\" data-end=\"1024\">Dur\u00e9e de navigation<\/p>\n<\/li>\n<li data-start=\"1025\" data-end=\"1051\">\n<p data-start=\"1027\" data-end=\"1051\">Appareil et navigateur<\/p>\n<\/li>\n<li data-start=\"1052\" data-end=\"1077\">\n<p data-start=\"1054\" data-end=\"1077\">Adresse IP anonymis\u00e9e<\/p>\n<\/li>\n<\/ul>\n<p data-start=\"1079\" data-end=\"1305\">Google peut effectuer des transferts internationaux de donn\u00e9es vers les \u00c9tats-Unis conform\u00e9ment aux m\u00e9canismes juridiques en vigueur (Clauses Contractuelles Types).<br data-start=\"1243\" data-end=\"1246\" \/>Plus d\u2019informations : <a class=\"decorated-link\" href=\"https:\/\/policies.google.com\/privacy\" target=\"_new\" rel=\"noopener\" data-start=\"1268\" data-end=\"1303\">https:\/\/policies.google.com\/privacy<\/a><\/p>\n<p data-start=\"1307\" data-end=\"1383\">Ces cookies ne sont install\u00e9s que si l\u2019utilisateur les accepte express\u00e9ment.<\/p>\n<h3 data-start=\"1385\" data-end=\"1440\">Cookies publicitaires \u2013 Meta (Facebook \/ Instagram)<\/h3>\n<p data-start=\"1442\" data-end=\"1477\">Nous utilisons le Pixel Meta pour :<\/p>\n<ul data-start=\"1479\" data-end=\"1588\">\n<li data-start=\"1479\" data-end=\"1506\">\n<p data-start=\"1481\" data-end=\"1506\">Mesurer les conversions<\/p>\n<\/li>\n<li data-start=\"1507\" data-end=\"1545\">\n<p data-start=\"1509\" data-end=\"1545\">Cr\u00e9er des audiences personnalis\u00e9es<\/p>\n<\/li>\n<li data-start=\"1546\" data-end=\"1588\">\n<p data-start=\"1548\" data-end=\"1588\">Afficher des publicit\u00e9s personnalis\u00e9es<\/p>\n<\/li>\n<\/ul>\n<p data-start=\"1590\" data-end=\"1633\">Fournisseur : Meta Platforms Ireland Ltd.<\/p>\n<p data-start=\"1635\" data-end=\"1821\">Ces cookies permettent \u00e0 Meta d\u2019identifier l\u2019utilisateur et d\u2019associer sa navigation \u00e0 son compte Facebook ou Instagram.<br data-start=\"1755\" data-end=\"1758\" \/>Plus d\u2019informations : <a class=\"decorated-link\" href=\"https:\/\/www.facebook.com\/privacy\/policy\" target=\"_new\" rel=\"noopener\" data-start=\"1780\" data-end=\"1819\">https:\/\/www.facebook.com\/privacy\/policy<\/a><\/p>\n<h3 data-start=\"1823\" data-end=\"1857\">Cookies publicitaires \u2013 TikTok<\/h3>\n<p data-start=\"1859\" data-end=\"1896\">Nous utilisons le Pixel TikTok pour :<\/p>\n<ul data-start=\"1898\" data-end=\"1977\">\n<li data-start=\"1898\" data-end=\"1925\">\n<p data-start=\"1900\" data-end=\"1925\">Mesurer les conversions<\/p>\n<\/li>\n<li data-start=\"1926\" data-end=\"1950\">\n<p data-start=\"1928\" data-end=\"1950\">Suivre les campagnes<\/p>\n<\/li>\n<li data-start=\"1951\" data-end=\"1977\">\n<p data-start=\"1953\" data-end=\"1977\">Optimiser les annonces<\/p>\n<\/li>\n<\/ul>\n<p data-start=\"1979\" data-end=\"2092\">Fournisseur : TikTok Technology Limited<br data-start=\"2018\" data-end=\"2021\" \/>Plus d\u2019informations : <a class=\"decorated-link\" href=\"https:\/\/www.tiktok.com\/legal\/privacy-policy-eea\" target=\"_new\" rel=\"noopener\" data-start=\"2043\" data-end=\"2090\">https:\/\/www.tiktok.com\/legal\/privacy-policy-eea<\/a><\/p>\n<h2 data-start=\"2094\" data-end=\"2111\">3. Base l\u00e9gale<\/h2>\n<p data-start=\"2113\" data-end=\"2219\">L\u2019utilisation des cookies analytiques et publicitaires repose sur le consentement expr\u00e8s de l\u2019utilisateur.<\/p>\n<p data-start=\"2221\" data-end=\"2348\">Vous pouvez accepter, refuser ou configurer les cookies depuis le bandeau initial ou modifier votre consentement \u00e0 tout moment.<\/p>\n<h2 data-start=\"2350\" data-end=\"2402\">4. Comment configurer ou d\u00e9sactiver les cookies ?<\/h2>\n<p data-start=\"2404\" data-end=\"2417\">Vous pouvez :<\/p>\n<ul data-start=\"2419\" data-end=\"2645\">\n<li data-start=\"2419\" data-end=\"2469\">\n<p data-start=\"2421\" data-end=\"2469\">Accepter ou refuser depuis le bandeau initial.<\/p>\n<\/li>\n<li data-start=\"2470\" data-end=\"2546\">\n<p data-start=\"2472\" data-end=\"2546\">Configurer vos pr\u00e9f\u00e9rences dans le panneau de configuration des cookies.<\/p>\n<\/li>\n<li data-start=\"2547\" data-end=\"2645\">\n<p data-start=\"2549\" data-end=\"2645\">Supprimer les cookies depuis votre navigateur :<br data-start=\"2596\" data-end=\"2599\" \/>\u2014 Google Chrome<br data-start=\"2616\" data-end=\"2619\" \/>\u2014 Safari<br data-start=\"2629\" data-end=\"2632\" \/>\u2014 Firefox<\/p>\n<\/li>\n<\/ul>\n<h2 data-start=\"2647\" data-end=\"2677\">5. Conservation des cookies<\/h2>\n<p data-start=\"2679\" data-end=\"2780\">Les cookies sont conserv\u00e9s pendant la dur\u00e9e strictement n\u00e9cessaire \u00e0 la r\u00e9alisation de leur finalit\u00e9.<\/p>\n<p data-start=\"2782\" data-end=\"2870\">Les cookies analytiques et publicitaires ont g\u00e9n\u00e9ralement une dur\u00e9e maximale de 13 mois.<\/p>\n<h2 data-start=\"2872\" data-end=\"2891\">6. Modifications<\/h2>\n<p data-start=\"2893\" data-end=\"3014\" data-is-last-node=\"\" data-is-only-node=\"\">TALISNE peut modifier la pr\u00e9sente Politique relative aux cookies en fonction des \u00e9volutions r\u00e9glementaires ou techniques.<\/p>\n","protected":false},"excerpt":{"rendered":"<p>Politique relative aux cookies 1. Que sont les cookies ? Un cookie est un petit fichier texte t\u00e9l\u00e9charg\u00e9 sur votre appareil (ordinateur, t\u00e9l\u00e9phone mobile ou tablette) lorsque vous acc\u00e9dez \u00e0 certains sites web. Ils permettent notamment de stocker et de r\u00e9cup\u00e9rer des informations sur les habitudes de navigation d\u2019un utilisateur. 2. Quels types de cookies [&hellip;]<\/p>\n","protected":false},"author":0,"featured_media":0,"parent":0,"menu_order":0,"comment_status":"closed","ping_status":"closed","template":"template-legal.php","meta":{"footnotes":""},"class_list":["post-8054","page","type-page","status-publish","hentry"],"_links":{"self":[{"href":"https:\/\/talisne.com\/fr\/wp-json\/wp\/v2\/pages\/8054","targetHints":{"allow":["GET"]}}],"collection":[{"href":"https:\/\/talisne.com\/fr\/wp-json\/wp\/v2\/pages"}],"about":[{"href":"https:\/\/talisne.com\/fr\/wp-json\/wp\/v2\/types\/page"}],"replies":[{"embeddable":true,"href":"https:\/\/talisne.com\/fr\/wp-json\/wp\/v2\/comments?post=8054"}],"version-history":[{"count":0,"href":"https:\/\/talisne.com\/fr\/wp-json\/wp\/v2\/pages\/8054\/revisions"}],"wp:attachment":[{"href":"https:\/\/talisne.com\/fr\/wp-json\/wp\/v2\/media?parent=8054"}],"curies":[{"name":"wp","href":"https:\/\/api.w.org\/{rel}","templated":true}]}}