{"id":8549,"date":"2026-04-07T13:37:51","date_gmt":"2026-04-07T11:37:51","guid":{"rendered":"https:\/\/talisne.com\/?post_type=product&#038;p=8549"},"modified":"2026-04-07T15:56:41","modified_gmt":"2026-04-07T13:56:41","slug":"overall-monaco","status":"publish","type":"product","link":"https:\/\/talisne.com\/de\/tienda\/unkategorisiert\/overall-monaco\/","title":{"rendered":"Overall Monaco"},"content":{"rendered":"<p data-start=\"946\" data-end=\"1125\"><strong data-start=\"946\" data-end=\"963\">Eigenschaften<\/strong><br data-start=\"963\" data-end=\"966\" \/>Schwarz-wei\u00dfe Farbe<br data-start=\"985\" data-end=\"988\" \/>Verstellbare Schleife vorne und hinten<br data-start=\"1026\" data-end=\"1029\" \/>Unsichtbarer Rei\u00dfverschluss auf der linken Seite<br data-start=\"1077\" data-end=\"1080\" \/>Das Model ist 169 cm gro\u00df und tr\u00e4gt Gr\u00f6\u00dfe S<\/p>\n<p data-start=\"1127\" data-end=\"1321\"><strong data-start=\"1127\" data-end=\"1146\">Zusammensetzung<\/strong><br data-start=\"1146\" data-end=\"1149\" \/>Au\u00dfenmaterial: 60 % Baumwolle, 30 % Polyester, 5 % Acryl, 4 % Polyamid und 1 % sonstige Fasern<br data-start=\"1243\" data-end=\"1246\" \/>Innenmaterial: 80 % Triacetat und 20 % Polyester<br data-start=\"1294\" data-end=\"1297\" \/>Hergestellt in Spanien<\/p>\n","protected":false},"excerpt":{"rendered":"<p>Overall aus Baumwoll-Tweed mit verstellbarer Schleife<\/p>\n","protected":false},"featured_media":8547,"template":"","meta":[],"product_brand":[],"product_cat":[],"product_tag":[],"class_list":{"0":"post-8549","1":"product","2":"type-product","3":"status-publish","4":"has-post-thumbnail","7":"first","8":"instock","9":"shipping-taxable","10":"purchasable","11":"product-type-variable"},"_links":{"self":[{"href":"https:\/\/talisne.com\/de\/wp-json\/wp\/v2\/product\/8549","targetHints":{"allow":["GET"]}}],"collection":[{"href":"https:\/\/talisne.com\/de\/wp-json\/wp\/v2\/product"}],"about":[{"href":"https:\/\/talisne.com\/de\/wp-json\/wp\/v2\/types\/product"}],"wp:featuredmedia":[{"embeddable":true,"href":"https:\/\/talisne.com\/de\/wp-json\/wp\/v2\/media\/8547"}],"wp:attachment":[{"href":"https:\/\/talisne.com\/de\/wp-json\/wp\/v2\/media?parent=8549"}],"wp:term":[{"taxonomy":"product_brand","embeddable":true,"href":"https:\/\/talisne.com\/de\/wp-json\/wp\/v2\/product_brand?post=8549"},{"taxonomy":"product_cat","embeddable":true,"href":"https:\/\/talisne.com\/de\/wp-json\/wp\/v2\/product_cat?post=8549"},{"taxonomy":"product_tag","embeddable":true,"href":"https:\/\/talisne.com\/de\/wp-json\/wp\/v2\/product_tag?post=8549"}],"curies":[{"name":"wp","href":"https:\/\/api.w.org\/{rel}","templated":true}]}}