{"id":7959,"date":"2026-02-15T19:44:16","date_gmt":"2026-02-15T18:44:16","guid":{"rendered":"https:\/\/talisne.com\/?post_type=product&#038;p=7959"},"modified":"2026-03-02T14:40:52","modified_gmt":"2026-03-02T13:40:52","slug":"schmetterlings-cape","status":"publish","type":"product","link":"https:\/\/talisne.com\/de\/tienda\/capes\/schmetterlings-cape\/","title":{"rendered":"Schmetterlings-Cape"},"content":{"rendered":"<p data-start=\"2404\" data-end=\"2419\">Eigenschaften<\/p>\n<p data-start=\"2421\" data-end=\"2543\">Abnehmbarer G\u00fcrtel<br data-start=\"2439\" data-end=\"2442\" \/>Verschluss am Hals<br data-start=\"2460\" data-end=\"2463\" \/>Waldgr\u00fcn<br data-start=\"2471\" data-end=\"2474\" \/>Kleine R\u00fcschen rundum<br data-start=\"2495\" data-end=\"2498\" \/>Das Model ist 169 cm gro\u00df und tr\u00e4gt Gr\u00f6\u00dfe S<\/p>\n<p data-start=\"2545\" data-end=\"2562\">Zusammensetzung<\/p>\n<p data-start=\"2564\" data-end=\"2686\">Au\u00dfenmaterial: 70 % Schurwolle, 15 % Kaschmir, 15 % Polyamid<br data-start=\"2624\" data-end=\"2627\" \/>Innenmaterial: 100 % reine Seide<br data-start=\"2659\" data-end=\"2662\" \/>Hergestellt in Spanien<\/p>\n","protected":false},"excerpt":{"rendered":"<p>Dunkelgr\u00fcnes Cape aus Schurwolle und Kaschmir, mit Futter aus reiner Seide bedruckt mit Schmetterlingsmotiven.<\/p>\n","protected":false},"featured_media":7954,"template":"","meta":[],"product_brand":[],"product_cat":[152],"product_tag":[],"class_list":{"0":"post-7959","1":"product","2":"type-product","3":"status-publish","4":"has-post-thumbnail","6":"product_cat-capes","8":"first","9":"instock","10":"shipping-taxable","11":"purchasable","12":"product-type-variable"},"_links":{"self":[{"href":"https:\/\/talisne.com\/de\/wp-json\/wp\/v2\/product\/7959","targetHints":{"allow":["GET"]}}],"collection":[{"href":"https:\/\/talisne.com\/de\/wp-json\/wp\/v2\/product"}],"about":[{"href":"https:\/\/talisne.com\/de\/wp-json\/wp\/v2\/types\/product"}],"wp:featuredmedia":[{"embeddable":true,"href":"https:\/\/talisne.com\/de\/wp-json\/wp\/v2\/media\/7954"}],"wp:attachment":[{"href":"https:\/\/talisne.com\/de\/wp-json\/wp\/v2\/media?parent=7959"}],"wp:term":[{"taxonomy":"product_brand","embeddable":true,"href":"https:\/\/talisne.com\/de\/wp-json\/wp\/v2\/product_brand?post=7959"},{"taxonomy":"product_cat","embeddable":true,"href":"https:\/\/talisne.com\/de\/wp-json\/wp\/v2\/product_cat?post=7959"},{"taxonomy":"product_tag","embeddable":true,"href":"https:\/\/talisne.com\/de\/wp-json\/wp\/v2\/product_tag?post=7959"}],"curies":[{"name":"wp","href":"https:\/\/api.w.org\/{rel}","templated":true}]}}