{"id":7866,"date":"2026-02-15T19:45:22","date_gmt":"2026-02-15T18:45:22","guid":{"rendered":"https:\/\/talisne.com\/?post_type=product&#038;p=7866"},"modified":"2026-03-02T14:36:12","modified_gmt":"2026-03-02T13:36:12","slug":"haselnuss-mantel","status":"publish","type":"product","link":"https:\/\/talisne.com\/de\/tienda\/maentel\/haselnuss-mantel\/","title":{"rendered":"Haselnuss-Mantel"},"content":{"rendered":"<p data-start=\"2812\" data-end=\"2827\">Eigenschaften<\/p>\n<p data-start=\"2829\" data-end=\"3032\">Abnehmbarer G\u00fcrtel<br data-start=\"2847\" data-end=\"2850\" \/>Wendbar: eine Seite uni, andere Seite kariert<br data-start=\"2895\" data-end=\"2898\" \/>Aufgesetzte Taschen<br data-start=\"2917\" data-end=\"2920\" \/>Schokoladebraun<br data-start=\"2935\" data-end=\"2938\" \/>Von Hand angen\u00e4hte nat\u00fcrliche Nerzpelz-Details<br data-start=\"2984\" data-end=\"2987\" \/>Das Model ist 169 cm gro\u00df und tr\u00e4gt Gr\u00f6\u00dfe S<\/p>\n<p data-start=\"3034\" data-end=\"3051\">Zusammensetzung<\/p>\n<p data-start=\"3053\" data-end=\"3204\">Au\u00dfenmaterial: 70 % Schurwolle, 15 % Kaschmir, 15 % Polyamid<br data-start=\"3113\" data-end=\"3116\" \/>Innenmaterial: 100 % Schurwolle<br data-start=\"3147\" data-end=\"3150\" \/>Details: 100 % brauner Nerz<br data-start=\"3177\" data-end=\"3180\" \/>Hergestellt in Spanien<\/p>\n","protected":false},"excerpt":{"rendered":"<p data-start=\"2734\" data-end=\"2810\">Wendbarer Mantel aus Schurwolle und Kaschmir mit braunen Nerzpelz-Details.<\/p>\n","protected":false},"featured_media":7861,"template":"","meta":[],"product_brand":[],"product_cat":[148],"product_tag":[],"class_list":{"0":"post-7866","1":"product","2":"type-product","3":"status-publish","4":"has-post-thumbnail","6":"product_cat-maentel","8":"first","9":"instock","10":"featured","11":"shipping-taxable","12":"purchasable","13":"product-type-variable"},"_links":{"self":[{"href":"https:\/\/talisne.com\/de\/wp-json\/wp\/v2\/product\/7866","targetHints":{"allow":["GET"]}}],"collection":[{"href":"https:\/\/talisne.com\/de\/wp-json\/wp\/v2\/product"}],"about":[{"href":"https:\/\/talisne.com\/de\/wp-json\/wp\/v2\/types\/product"}],"wp:featuredmedia":[{"embeddable":true,"href":"https:\/\/talisne.com\/de\/wp-json\/wp\/v2\/media\/7861"}],"wp:attachment":[{"href":"https:\/\/talisne.com\/de\/wp-json\/wp\/v2\/media?parent=7866"}],"wp:term":[{"taxonomy":"product_brand","embeddable":true,"href":"https:\/\/talisne.com\/de\/wp-json\/wp\/v2\/product_brand?post=7866"},{"taxonomy":"product_cat","embeddable":true,"href":"https:\/\/talisne.com\/de\/wp-json\/wp\/v2\/product_cat?post=7866"},{"taxonomy":"product_tag","embeddable":true,"href":"https:\/\/talisne.com\/de\/wp-json\/wp\/v2\/product_tag?post=7866"}],"curies":[{"name":"wp","href":"https:\/\/api.w.org\/{rel}","templated":true}]}}