{"id":7761,"date":"2026-02-15T19:47:37","date_gmt":"2026-02-15T18:47:37","guid":{"rendered":"https:\/\/talisne.com\/?post_type=product&#038;p=7761"},"modified":"2026-03-02T14:30:00","modified_gmt":"2026-03-02T13:30:00","slug":"celeste-mantel","status":"publish","type":"product","link":"https:\/\/talisne.com\/de\/tienda\/maentel\/celeste-mantel\/","title":{"rendered":"Celeste-Mantel"},"content":{"rendered":"<p data-start=\"2678\" data-end=\"2693\">Eigenschaften<\/p>\n<p data-start=\"2695\" data-end=\"2841\">Abnehmbarer G\u00fcrtel<br data-start=\"2713\" data-end=\"2716\" \/>Aufgesetzte Taschen<br data-start=\"2735\" data-end=\"2738\" \/>Von Hand angen\u00e4hte nat\u00fcrliche gef\u00e4rbte Nerzpelz-Details<br data-start=\"2793\" data-end=\"2796\" \/>Das Model ist 169 cm gro\u00df und tr\u00e4gt Gr\u00f6\u00dfe S<\/p>\n<p data-start=\"2843\" data-end=\"2860\">Zusammensetzung<\/p>\n<p data-start=\"2862\" data-end=\"3020\">Au\u00dfenmaterial: 70 % Schurwolle, 15 % Kaschmir, 15 % Polyamid<br data-start=\"2922\" data-end=\"2925\" \/>Innenmaterial: 100 % reine Seide<br data-start=\"2957\" data-end=\"2960\" \/>Details: 100 % Nerz, blau gef\u00e4rbt<br data-start=\"2993\" data-end=\"2996\" \/>Hergestellt in Spanien<\/p>\n","protected":false},"excerpt":{"rendered":"<p>Hellblauer Bademantelstil-Mantel aus Schurwolle und Kaschmir mit gef\u00e4rbten Nerzpelz-Details und reinem Seidenfutter.<\/p>\n","protected":false},"featured_media":7757,"template":"","meta":[],"product_brand":[],"product_cat":[148],"product_tag":[],"class_list":{"0":"post-7761","1":"product","2":"type-product","3":"status-publish","4":"has-post-thumbnail","6":"product_cat-maentel","8":"first","9":"instock","10":"shipping-taxable","11":"purchasable","12":"product-type-variable"},"_links":{"self":[{"href":"https:\/\/talisne.com\/de\/wp-json\/wp\/v2\/product\/7761","targetHints":{"allow":["GET"]}}],"collection":[{"href":"https:\/\/talisne.com\/de\/wp-json\/wp\/v2\/product"}],"about":[{"href":"https:\/\/talisne.com\/de\/wp-json\/wp\/v2\/types\/product"}],"wp:featuredmedia":[{"embeddable":true,"href":"https:\/\/talisne.com\/de\/wp-json\/wp\/v2\/media\/7757"}],"wp:attachment":[{"href":"https:\/\/talisne.com\/de\/wp-json\/wp\/v2\/media?parent=7761"}],"wp:term":[{"taxonomy":"product_brand","embeddable":true,"href":"https:\/\/talisne.com\/de\/wp-json\/wp\/v2\/product_brand?post=7761"},{"taxonomy":"product_cat","embeddable":true,"href":"https:\/\/talisne.com\/de\/wp-json\/wp\/v2\/product_cat?post=7761"},{"taxonomy":"product_tag","embeddable":true,"href":"https:\/\/talisne.com\/de\/wp-json\/wp\/v2\/product_tag?post=7761"}],"curies":[{"name":"wp","href":"https:\/\/api.w.org\/{rel}","templated":true}]}}