{"id":7678,"date":"2026-02-15T19:47:56","date_gmt":"2026-02-15T18:47:56","guid":{"rendered":"https:\/\/talisne.com\/?post_type=product&#038;p=7678"},"modified":"2026-03-02T14:24:10","modified_gmt":"2026-03-02T13:24:10","slug":"beary-much-mantel","status":"publish","type":"product","link":"https:\/\/talisne.com\/de\/tienda\/maentel\/beary-much-mantel\/","title":{"rendered":"Beary Much Mantel"},"content":{"rendered":"<p data-start=\"2580\" data-end=\"2595\">Eigenschaften<\/p>\n<p data-start=\"2597\" data-end=\"2735\">Abnehmbarer G\u00fcrtel<br data-start=\"2615\" data-end=\"2618\" \/>Aufgesetzte Taschen<br data-start=\"2637\" data-end=\"2640\" \/>Von Hand angen\u00e4hte Rexpelz-Details<br data-start=\"2674\" data-end=\"2677\" \/>Steinfarbe<br data-start=\"2687\" data-end=\"2690\" \/>Das Model ist 169 cm gro\u00df und tr\u00e4gt Gr\u00f6\u00dfe S<\/p>\n<p data-start=\"2737\" data-end=\"2754\">Zusammensetzung<\/p>\n<p data-start=\"2756\" data-end=\"2903\">Au\u00dfenmaterial: 70 % Schurwolle, 15 % Kaschmir, 15 % Polyamid<br data-start=\"2816\" data-end=\"2819\" \/>Innenmaterial: 100 % Triacetat<br data-start=\"2849\" data-end=\"2852\" \/>Details: 100 % silky rex<br data-start=\"2876\" data-end=\"2879\" \/>Hergestellt in Spanien<\/p>\n<hr data-start=\"2905\" data-end=\"2908\" \/>\n","protected":false},"excerpt":{"rendered":"<p data-start=\"2486\" data-end=\"2578\">Mantel in Steinfarbe aus Schurwolle und Kaschmir mit Rexpelz-Details und Triacetat-Futter.<\/p>\n","protected":false},"featured_media":7675,"template":"","meta":[],"product_brand":[],"product_cat":[148],"product_tag":[],"class_list":{"0":"post-7678","1":"product","2":"type-product","3":"status-publish","4":"has-post-thumbnail","6":"product_cat-maentel","8":"first","9":"instock","10":"shipping-taxable","11":"purchasable","12":"product-type-variable"},"_links":{"self":[{"href":"https:\/\/talisne.com\/de\/wp-json\/wp\/v2\/product\/7678","targetHints":{"allow":["GET"]}}],"collection":[{"href":"https:\/\/talisne.com\/de\/wp-json\/wp\/v2\/product"}],"about":[{"href":"https:\/\/talisne.com\/de\/wp-json\/wp\/v2\/types\/product"}],"wp:featuredmedia":[{"embeddable":true,"href":"https:\/\/talisne.com\/de\/wp-json\/wp\/v2\/media\/7675"}],"wp:attachment":[{"href":"https:\/\/talisne.com\/de\/wp-json\/wp\/v2\/media?parent=7678"}],"wp:term":[{"taxonomy":"product_brand","embeddable":true,"href":"https:\/\/talisne.com\/de\/wp-json\/wp\/v2\/product_brand?post=7678"},{"taxonomy":"product_cat","embeddable":true,"href":"https:\/\/talisne.com\/de\/wp-json\/wp\/v2\/product_cat?post=7678"},{"taxonomy":"product_tag","embeddable":true,"href":"https:\/\/talisne.com\/de\/wp-json\/wp\/v2\/product_tag?post=7678"}],"curies":[{"name":"wp","href":"https:\/\/api.w.org\/{rel}","templated":true}]}}