{"id":7598,"date":"2026-02-15T19:48:16","date_gmt":"2026-02-15T18:48:16","guid":{"rendered":"https:\/\/talisne.com\/?post_type=product&#038;p=7598"},"modified":"2026-03-02T14:17:32","modified_gmt":"2026-03-02T13:17:32","slug":"silbermond-mantel","status":"publish","type":"product","link":"https:\/\/talisne.com\/de\/tienda\/maentel\/silbermond-mantel\/","title":{"rendered":"Silbermond-Mantel"},"content":{"rendered":"<p data-start=\"2536\" data-end=\"2551\">Eigenschaften<\/p>\n<p data-start=\"2553\" data-end=\"2692\">Abnehmbarer G\u00fcrtel<br data-start=\"2571\" data-end=\"2574\" \/>Aufgesetzte Taschen<br data-start=\"2593\" data-end=\"2596\" \/>Von Hand angen\u00e4hte Nerzpelz-Details<br data-start=\"2631\" data-end=\"2634\" \/>Dunkelgrau<br data-start=\"2644\" data-end=\"2647\" \/>Das Model ist 169 cm gro\u00df und tr\u00e4gt Gr\u00f6\u00dfe S<\/p>\n<p data-start=\"2694\" data-end=\"2711\">Zusammensetzung<\/p>\n<p data-start=\"2713\" data-end=\"2867\">Au\u00dfenmaterial: 70 % Schurwolle, 15 % Kaschmir, 15 % Polyamid<br data-start=\"2773\" data-end=\"2776\" \/>Innenmaterial: 100 % reine Seide<br data-start=\"2808\" data-end=\"2811\" \/>Details: 100 % Silberner Nerz<br data-start=\"2840\" data-end=\"2843\" \/>Hergestellt in Spanien<\/p>\n<hr data-start=\"2869\" data-end=\"2872\" \/>\n","protected":false},"excerpt":{"rendered":"<p>Dunkelgrauer Mantel aus Schurwolle und Kaschmir mit silberfarbenen Nerzpelz-Details.<\/p>\n","protected":false},"featured_media":7595,"template":"","meta":[],"product_brand":[],"product_cat":[148],"product_tag":[],"class_list":{"0":"post-7598","1":"product","2":"type-product","3":"status-publish","4":"has-post-thumbnail","6":"product_cat-maentel","8":"first","9":"instock","10":"shipping-taxable","11":"purchasable","12":"product-type-variable"},"_links":{"self":[{"href":"https:\/\/talisne.com\/de\/wp-json\/wp\/v2\/product\/7598","targetHints":{"allow":["GET"]}}],"collection":[{"href":"https:\/\/talisne.com\/de\/wp-json\/wp\/v2\/product"}],"about":[{"href":"https:\/\/talisne.com\/de\/wp-json\/wp\/v2\/types\/product"}],"wp:featuredmedia":[{"embeddable":true,"href":"https:\/\/talisne.com\/de\/wp-json\/wp\/v2\/media\/7595"}],"wp:attachment":[{"href":"https:\/\/talisne.com\/de\/wp-json\/wp\/v2\/media?parent=7598"}],"wp:term":[{"taxonomy":"product_brand","embeddable":true,"href":"https:\/\/talisne.com\/de\/wp-json\/wp\/v2\/product_brand?post=7598"},{"taxonomy":"product_cat","embeddable":true,"href":"https:\/\/talisne.com\/de\/wp-json\/wp\/v2\/product_cat?post=7598"},{"taxonomy":"product_tag","embeddable":true,"href":"https:\/\/talisne.com\/de\/wp-json\/wp\/v2\/product_tag?post=7598"}],"curies":[{"name":"wp","href":"https:\/\/api.w.org\/{rel}","templated":true}]}}