{"id":7512,"date":"2026-02-15T19:49:44","date_gmt":"2026-02-15T18:49:44","guid":{"rendered":"https:\/\/talisne.com\/?post_type=product&#038;p=7512"},"modified":"2026-03-02T14:12:04","modified_gmt":"2026-03-02T13:12:04","slug":"tweed-mantel","status":"publish","type":"product","link":"https:\/\/talisne.com\/de\/tienda\/maentel\/tweed-mantel\/","title":{"rendered":"Tweed-Mantel"},"content":{"rendered":"<p data-start=\"2641\" data-end=\"2656\">Eigenschaften<\/p>\n<p data-start=\"2658\" data-end=\"2826\">Abnehmbarer G\u00fcrtel<br data-start=\"2676\" data-end=\"2679\" \/>Schmuckkn\u00f6pfe mit Kristallen und Perlen<br data-start=\"2718\" data-end=\"2721\" \/>Von Hand angen\u00e4hte tibetische Lammfell-Details<br data-start=\"2767\" data-end=\"2770\" \/>Perlwei\u00df<br data-start=\"2778\" data-end=\"2781\" \/>Das Model ist 169 cm gro\u00df und tr\u00e4gt Gr\u00f6\u00dfe S<\/p>\n<p data-start=\"2828\" data-end=\"2845\">Zusammensetzung<\/p>\n<p data-start=\"2847\" data-end=\"2998\">Au\u00dfenmaterial: 70 % Wolle, 20 % Baumwolle, 10 % Polyester<br data-start=\"2904\" data-end=\"2907\" \/>Innenmaterial: 100 % Triacetat<br data-start=\"2937\" data-end=\"2940\" \/>Details: 100 % tibetisches Lamm<br data-start=\"2971\" data-end=\"2974\" \/>Hergestellt in Spanien<\/p>\n<hr data-start=\"3000\" data-end=\"3003\" \/>\n","protected":false},"excerpt":{"rendered":"<p>Mantel aus Woll- und Baumwoll-Tweed mit Schmuckkn\u00f6pfen und Details aus tibetischem Lammfell.<\/p>\n","protected":false},"featured_media":7509,"template":"","meta":[],"product_brand":[],"product_cat":[148],"product_tag":[],"class_list":{"0":"post-7512","1":"product","2":"type-product","3":"status-publish","4":"has-post-thumbnail","6":"product_cat-maentel","8":"first","9":"instock","10":"shipping-taxable","11":"purchasable","12":"product-type-variable"},"_links":{"self":[{"href":"https:\/\/talisne.com\/de\/wp-json\/wp\/v2\/product\/7512","targetHints":{"allow":["GET"]}}],"collection":[{"href":"https:\/\/talisne.com\/de\/wp-json\/wp\/v2\/product"}],"about":[{"href":"https:\/\/talisne.com\/de\/wp-json\/wp\/v2\/types\/product"}],"wp:featuredmedia":[{"embeddable":true,"href":"https:\/\/talisne.com\/de\/wp-json\/wp\/v2\/media\/7509"}],"wp:attachment":[{"href":"https:\/\/talisne.com\/de\/wp-json\/wp\/v2\/media?parent=7512"}],"wp:term":[{"taxonomy":"product_brand","embeddable":true,"href":"https:\/\/talisne.com\/de\/wp-json\/wp\/v2\/product_brand?post=7512"},{"taxonomy":"product_cat","embeddable":true,"href":"https:\/\/talisne.com\/de\/wp-json\/wp\/v2\/product_cat?post=7512"},{"taxonomy":"product_tag","embeddable":true,"href":"https:\/\/talisne.com\/de\/wp-json\/wp\/v2\/product_tag?post=7512"}],"curies":[{"name":"wp","href":"https:\/\/api.w.org\/{rel}","templated":true}]}}