{"id":7435,"date":"2026-02-15T19:51:32","date_gmt":"2026-02-15T18:51:32","guid":{"rendered":"https:\/\/talisne.com\/?post_type=product&#038;p=7435"},"modified":"2026-03-02T14:06:14","modified_gmt":"2026-03-02T13:06:14","slug":"rubin-jacke","status":"publish","type":"product","link":"https:\/\/talisne.com\/de\/tienda\/jacken\/rubin-jacke\/","title":{"rendered":"Rubin Jacke"},"content":{"rendered":"<p data-start=\"2946\" data-end=\"2961\">Eigenschaften<\/p>\n<p data-start=\"2963\" data-end=\"3153\">Gro\u00dfer Schmuckknopf mit bordeauxfarbenen Kristallen<br data-start=\"3014\" data-end=\"3017\" \/>Taillenvolant<br data-start=\"3030\" data-end=\"3033\" \/>Dunkelrote Farbe<br data-start=\"3049\" data-end=\"3052\" \/>Von Hand angen\u00e4hte passende gef\u00e4rbte Nerzpelz-Details<br data-start=\"3105\" data-end=\"3108\" \/>Das Model ist 169 cm gro\u00df und tr\u00e4gt Gr\u00f6\u00dfe S<\/p>\n<p data-start=\"3155\" data-end=\"3172\">Zusammensetzung<\/p>\n<p data-start=\"3174\" data-end=\"3318\">Au\u00dfenmaterial: 70 % Schurwolle, 15 % Kaschmir, 15 % Polyamid<br data-start=\"3234\" data-end=\"3237\" \/>Innenmaterial: 100 % reine Seide<br data-start=\"3269\" data-end=\"3272\" \/>Details: 100 % Nerz<br data-start=\"3291\" data-end=\"3294\" \/>Hergestellt in Spanien<\/p>\n","protected":false},"excerpt":{"rendered":"<p data-start=\"2802\" data-end=\"2944\">Bordeauxfarbene Jacke aus Schurwolle und Kaschmir mit bedrucktem Seidenfutter in Blumen- und Animal-Motiven. Details aus gef\u00e4rbtem Nerzpelz.<\/p>\n","protected":false},"featured_media":7433,"template":"","meta":[],"product_brand":[],"product_cat":[149],"product_tag":[],"class_list":{"0":"post-7435","1":"product","2":"type-product","3":"status-publish","4":"has-post-thumbnail","6":"product_cat-jacken","8":"first","9":"instock","10":"shipping-taxable","11":"purchasable","12":"product-type-variable"},"_links":{"self":[{"href":"https:\/\/talisne.com\/de\/wp-json\/wp\/v2\/product\/7435","targetHints":{"allow":["GET"]}}],"collection":[{"href":"https:\/\/talisne.com\/de\/wp-json\/wp\/v2\/product"}],"about":[{"href":"https:\/\/talisne.com\/de\/wp-json\/wp\/v2\/types\/product"}],"wp:featuredmedia":[{"embeddable":true,"href":"https:\/\/talisne.com\/de\/wp-json\/wp\/v2\/media\/7433"}],"wp:attachment":[{"href":"https:\/\/talisne.com\/de\/wp-json\/wp\/v2\/media?parent=7435"}],"wp:term":[{"taxonomy":"product_brand","embeddable":true,"href":"https:\/\/talisne.com\/de\/wp-json\/wp\/v2\/product_brand?post=7435"},{"taxonomy":"product_cat","embeddable":true,"href":"https:\/\/talisne.com\/de\/wp-json\/wp\/v2\/product_cat?post=7435"},{"taxonomy":"product_tag","embeddable":true,"href":"https:\/\/talisne.com\/de\/wp-json\/wp\/v2\/product_tag?post=7435"}],"curies":[{"name":"wp","href":"https:\/\/api.w.org\/{rel}","templated":true}]}}