{"id":7360,"date":"2026-02-15T19:51:48","date_gmt":"2026-02-15T18:51:48","guid":{"rendered":"https:\/\/talisne.com\/?post_type=product&#038;p=7360"},"modified":"2026-03-02T14:00:29","modified_gmt":"2026-03-02T13:00:29","slug":"zucker-baumwoll-jacke","status":"publish","type":"product","link":"https:\/\/talisne.com\/de\/tienda\/jacken\/zucker-baumwoll-jacke\/","title":{"rendered":"Zucker-Baumwoll-Jacke"},"content":{"rendered":"<p data-start=\"2461\" data-end=\"2476\">Eigenschaften<\/p>\n<p data-start=\"2478\" data-end=\"2571\">Hellrosa<br data-start=\"2486\" data-end=\"2489\" \/>Von Hand angen\u00e4hte Rexpelz-Details<br data-start=\"2523\" data-end=\"2526\" \/>Das Model ist 169 cm gro\u00df und tr\u00e4gt Gr\u00f6\u00dfe S<\/p>\n<p data-start=\"2573\" data-end=\"2590\">Zusammensetzung<\/p>\n<p data-start=\"2592\" data-end=\"2739\">Au\u00dfenmaterial: 70 % Schurwolle, 15 % Kaschmir, 15 % Polyamid<br data-start=\"2652\" data-end=\"2655\" \/>Innenmaterial: 100 % Triacetat<br data-start=\"2685\" data-end=\"2688\" \/>Details: 100 % silky rex<br data-start=\"2712\" data-end=\"2715\" \/>Hergestellt in Spanien<\/p>\n","protected":false},"excerpt":{"rendered":"<p>Babyrosa Oversize-Jacke aus Schurwolle und Kaschmir mit Rexpelz-Details, die Chinchilla simulieren.<\/p>\n","protected":false},"featured_media":7358,"template":"","meta":[],"product_brand":[],"product_cat":[149],"product_tag":[],"class_list":{"0":"post-7360","1":"product","2":"type-product","3":"status-publish","4":"has-post-thumbnail","6":"product_cat-jacken","8":"first","9":"instock","10":"shipping-taxable","11":"purchasable","12":"product-type-variable"},"_links":{"self":[{"href":"https:\/\/talisne.com\/de\/wp-json\/wp\/v2\/product\/7360","targetHints":{"allow":["GET"]}}],"collection":[{"href":"https:\/\/talisne.com\/de\/wp-json\/wp\/v2\/product"}],"about":[{"href":"https:\/\/talisne.com\/de\/wp-json\/wp\/v2\/types\/product"}],"wp:featuredmedia":[{"embeddable":true,"href":"https:\/\/talisne.com\/de\/wp-json\/wp\/v2\/media\/7358"}],"wp:attachment":[{"href":"https:\/\/talisne.com\/de\/wp-json\/wp\/v2\/media?parent=7360"}],"wp:term":[{"taxonomy":"product_brand","embeddable":true,"href":"https:\/\/talisne.com\/de\/wp-json\/wp\/v2\/product_brand?post=7360"},{"taxonomy":"product_cat","embeddable":true,"href":"https:\/\/talisne.com\/de\/wp-json\/wp\/v2\/product_cat?post=7360"},{"taxonomy":"product_tag","embeddable":true,"href":"https:\/\/talisne.com\/de\/wp-json\/wp\/v2\/product_tag?post=7360"}],"curies":[{"name":"wp","href":"https:\/\/api.w.org\/{rel}","templated":true}]}}