{"id":7283,"date":"2026-02-15T19:52:59","date_gmt":"2026-02-15T18:52:59","guid":{"rendered":"https:\/\/talisne.com\/?post_type=product&#038;p=7283"},"modified":"2026-03-02T13:54:01","modified_gmt":"2026-03-02T12:54:01","slug":"jacqueline-jacke","status":"publish","type":"product","link":"https:\/\/talisne.com\/de\/tienda\/jacken\/jacqueline-jacke\/","title":{"rendered":"Jacqueline Jacke"},"content":{"rendered":"<p data-start=\"2482\" data-end=\"2497\">Eigenschaften<\/p>\n<p data-start=\"2499\" data-end=\"2623\">Goldene Kaviar-Kn\u00f6pfe<br data-start=\"2520\" data-end=\"2523\" \/>Schwarze Farbe<br data-start=\"2537\" data-end=\"2540\" \/>Von Hand angen\u00e4hte Nerzpelz-Details<br data-start=\"2575\" data-end=\"2578\" \/>Das Model ist 169 cm gro\u00df und tr\u00e4gt Gr\u00f6\u00dfe S<\/p>\n<p data-start=\"2625\" data-end=\"2642\">Zusammensetzung<\/p>\n<p data-start=\"2644\" data-end=\"2774\">Au\u00dfenmaterial: 79 % Baumwolle, 19 % Acryl, 5 % Wolle<br data-start=\"2696\" data-end=\"2699\" \/>Innenmaterial: 100 % Seide<br data-start=\"2725\" data-end=\"2728\" \/>Details: 100 % Nerz<br data-start=\"2747\" data-end=\"2750\" \/>Hergestellt in Spanien<\/p>\n","protected":false},"excerpt":{"rendered":"<p>Schwarze Cocktailjacke aus Woll-Baumwoll-Tweed mit Nerzpelz-Details und fuchsiafarben bedrucktem Seidenfutter.<\/p>\n","protected":false},"featured_media":7280,"template":"","meta":[],"product_brand":[],"product_cat":[149],"product_tag":[],"class_list":{"0":"post-7283","1":"product","2":"type-product","3":"status-publish","4":"has-post-thumbnail","6":"product_cat-jacken","8":"first","9":"instock","10":"shipping-taxable","11":"purchasable","12":"product-type-variable"},"_links":{"self":[{"href":"https:\/\/talisne.com\/de\/wp-json\/wp\/v2\/product\/7283","targetHints":{"allow":["GET"]}}],"collection":[{"href":"https:\/\/talisne.com\/de\/wp-json\/wp\/v2\/product"}],"about":[{"href":"https:\/\/talisne.com\/de\/wp-json\/wp\/v2\/types\/product"}],"wp:featuredmedia":[{"embeddable":true,"href":"https:\/\/talisne.com\/de\/wp-json\/wp\/v2\/media\/7280"}],"wp:attachment":[{"href":"https:\/\/talisne.com\/de\/wp-json\/wp\/v2\/media?parent=7283"}],"wp:term":[{"taxonomy":"product_brand","embeddable":true,"href":"https:\/\/talisne.com\/de\/wp-json\/wp\/v2\/product_brand?post=7283"},{"taxonomy":"product_cat","embeddable":true,"href":"https:\/\/talisne.com\/de\/wp-json\/wp\/v2\/product_cat?post=7283"},{"taxonomy":"product_tag","embeddable":true,"href":"https:\/\/talisne.com\/de\/wp-json\/wp\/v2\/product_tag?post=7283"}],"curies":[{"name":"wp","href":"https:\/\/api.w.org\/{rel}","templated":true}]}}