{"id":7199,"date":"2026-02-15T19:53:16","date_gmt":"2026-02-15T18:53:16","guid":{"rendered":"https:\/\/talisne.com\/?post_type=product&#038;p=7199"},"modified":"2026-03-02T13:47:28","modified_gmt":"2026-03-02T12:47:28","slug":"jacqueline-lange-hose","status":"publish","type":"product","link":"https:\/\/talisne.com\/de\/tienda\/hosen\/jacqueline-lange-hose\/","title":{"rendered":"Jacqueline Lange Hose"},"content":{"rendered":"<p data-start=\"2067\" data-end=\"2082\">Eigenschaften<\/p>\n<p data-start=\"2084\" data-end=\"2218\">Goldener Kaviar-Knopf<br data-start=\"2105\" data-end=\"2108\" \/>Schwarze Farbe<br data-start=\"2122\" data-end=\"2125\" \/>Zentraler Rei\u00dfverschluss<br data-start=\"2149\" data-end=\"2152\" \/>Mit Baumwollfutter<br data-start=\"2170\" data-end=\"2173\" \/>Das Model ist 169 cm gro\u00df und tr\u00e4gt Gr\u00f6\u00dfe S<\/p>\n<p data-start=\"2220\" data-end=\"2237\">Zusammensetzung<\/p>\n<p data-start=\"2239\" data-end=\"2351\">Au\u00dfenmaterial: 79 % Baumwolle, 19 % Acryl, 5 % Wolle<br data-start=\"2291\" data-end=\"2294\" \/>Innenmaterial: 100 % Baumwolle<br data-start=\"2324\" data-end=\"2327\" \/>Hergestellt in Spanien<\/p>\n<hr data-start=\"2353\" data-end=\"2356\" \/>\n","protected":false},"excerpt":{"rendered":"<p data-start=\"2017\" data-end=\"2065\">Schwarze Cocktailhose aus Woll-Baumwoll-Tweed.<\/p>\n","protected":false},"featured_media":7195,"template":"","meta":[],"product_brand":[],"product_cat":[150],"product_tag":[],"class_list":{"0":"post-7199","1":"product","2":"type-product","3":"status-publish","4":"has-post-thumbnail","6":"product_cat-hosen","8":"first","9":"instock","10":"shipping-taxable","11":"purchasable","12":"product-type-variable"},"_links":{"self":[{"href":"https:\/\/talisne.com\/de\/wp-json\/wp\/v2\/product\/7199","targetHints":{"allow":["GET"]}}],"collection":[{"href":"https:\/\/talisne.com\/de\/wp-json\/wp\/v2\/product"}],"about":[{"href":"https:\/\/talisne.com\/de\/wp-json\/wp\/v2\/types\/product"}],"wp:featuredmedia":[{"embeddable":true,"href":"https:\/\/talisne.com\/de\/wp-json\/wp\/v2\/media\/7195"}],"wp:attachment":[{"href":"https:\/\/talisne.com\/de\/wp-json\/wp\/v2\/media?parent=7199"}],"wp:term":[{"taxonomy":"product_brand","embeddable":true,"href":"https:\/\/talisne.com\/de\/wp-json\/wp\/v2\/product_brand?post=7199"},{"taxonomy":"product_cat","embeddable":true,"href":"https:\/\/talisne.com\/de\/wp-json\/wp\/v2\/product_cat?post=7199"},{"taxonomy":"product_tag","embeddable":true,"href":"https:\/\/talisne.com\/de\/wp-json\/wp\/v2\/product_tag?post=7199"}],"curies":[{"name":"wp","href":"https:\/\/api.w.org\/{rel}","templated":true}]}}