{"id":7115,"date":"2026-02-15T19:54:22","date_gmt":"2026-02-15T18:54:22","guid":{"rendered":"https:\/\/talisne.com\/?post_type=product&#038;p=7115"},"modified":"2026-03-02T13:38:13","modified_gmt":"2026-03-02T12:38:13","slug":"zucker-baumwoll-shorts","status":"publish","type":"product","link":"https:\/\/talisne.com\/de\/tienda\/hosen\/zucker-baumwoll-shorts\/","title":{"rendered":"Zucker-Baumwoll-Shorts"},"content":{"rendered":"<p data-start=\"1974\" data-end=\"1989\">Eigenschaften<\/p>\n<p data-start=\"1991\" data-end=\"2116\">Stoffbezogene Kn\u00f6pfe in passender Farbe<br data-start=\"2030\" data-end=\"2033\" \/>Hellrosa<br data-start=\"2041\" data-end=\"2044\" \/>Zentraler Rei\u00dfverschluss<br data-start=\"2068\" data-end=\"2071\" \/>Das Model ist 169 cm gro\u00df und tr\u00e4gt Gr\u00f6\u00dfe S<\/p>\n<p data-start=\"2118\" data-end=\"2135\">Zusammensetzung<\/p>\n<p data-start=\"2137\" data-end=\"2257\">Au\u00dfenmaterial: 70 % Schurwolle, 15 % Kaschmir, 15 % Polyamid<br data-start=\"2197\" data-end=\"2200\" \/>Innenmaterial: 100 % Baumwolle<br data-start=\"2230\" data-end=\"2233\" \/>Hergestellt in Spanien<\/p>\n","protected":false},"excerpt":{"rendered":"<p>Babyrosa Shorts aus Schurwolle und Kaschmir.<\/p>\n","protected":false},"featured_media":7113,"template":"","meta":[],"product_brand":[],"product_cat":[150],"product_tag":[],"class_list":{"0":"post-7115","1":"product","2":"type-product","3":"status-publish","4":"has-post-thumbnail","6":"product_cat-hosen","8":"first","9":"instock","10":"shipping-taxable","11":"purchasable","12":"product-type-variable"},"_links":{"self":[{"href":"https:\/\/talisne.com\/de\/wp-json\/wp\/v2\/product\/7115","targetHints":{"allow":["GET"]}}],"collection":[{"href":"https:\/\/talisne.com\/de\/wp-json\/wp\/v2\/product"}],"about":[{"href":"https:\/\/talisne.com\/de\/wp-json\/wp\/v2\/types\/product"}],"wp:featuredmedia":[{"embeddable":true,"href":"https:\/\/talisne.com\/de\/wp-json\/wp\/v2\/media\/7113"}],"wp:attachment":[{"href":"https:\/\/talisne.com\/de\/wp-json\/wp\/v2\/media?parent=7115"}],"wp:term":[{"taxonomy":"product_brand","embeddable":true,"href":"https:\/\/talisne.com\/de\/wp-json\/wp\/v2\/product_brand?post=7115"},{"taxonomy":"product_cat","embeddable":true,"href":"https:\/\/talisne.com\/de\/wp-json\/wp\/v2\/product_cat?post=7115"},{"taxonomy":"product_tag","embeddable":true,"href":"https:\/\/talisne.com\/de\/wp-json\/wp\/v2\/product_tag?post=7115"}],"curies":[{"name":"wp","href":"https:\/\/api.w.org\/{rel}","templated":true}]}}