{"id":7041,"date":"2026-02-15T19:55:10","date_gmt":"2026-02-15T18:55:10","guid":{"rendered":"https:\/\/talisne.com\/?post_type=product&#038;p=7041"},"modified":"2026-03-02T13:31:27","modified_gmt":"2026-03-02T12:31:27","slug":"rubin-shorts","status":"publish","type":"product","link":"https:\/\/talisne.com\/de\/tienda\/hosen\/rubin-shorts\/","title":{"rendered":"Rubin-Shorts"},"content":{"rendered":"<p data-start=\"2149\" data-end=\"2164\">Eigenschaften<\/p>\n<p data-start=\"2166\" data-end=\"2296\">Stoffbezogene Kn\u00f6pfe in passender Farbe<br data-start=\"2205\" data-end=\"2208\" \/>Bordeauxfarbe<br data-start=\"2221\" data-end=\"2224\" \/>Zentraler Rei\u00dfverschluss<br data-start=\"2248\" data-end=\"2251\" \/>Das Model ist 169 cm gro\u00df und tr\u00e4gt Gr\u00f6\u00dfe S<\/p>\n<p data-start=\"2298\" data-end=\"2315\">Zusammensetzung<\/p>\n<p data-start=\"2317\" data-end=\"2437\">Au\u00dfenmaterial: 70 % Schurwolle, 15 % Kaschmir, 15 % Polyamid<br data-start=\"2377\" data-end=\"2380\" \/>Innenmaterial: 100 % Baumwolle<br data-start=\"2410\" data-end=\"2413\" \/>Hergestellt in Spanien<\/p>\n","protected":false},"excerpt":{"rendered":"<p>Bordeauxfarbene Shorts aus Schurwolle und Kaschmir. Passt zur Rubin-Jacke.<\/p>\n","protected":false},"featured_media":7039,"template":"","meta":[],"product_brand":[],"product_cat":[150],"product_tag":[],"class_list":{"0":"post-7041","1":"product","2":"type-product","3":"status-publish","4":"has-post-thumbnail","6":"product_cat-hosen","8":"first","9":"instock","10":"shipping-taxable","11":"purchasable","12":"product-type-variable"},"_links":{"self":[{"href":"https:\/\/talisne.com\/de\/wp-json\/wp\/v2\/product\/7041","targetHints":{"allow":["GET"]}}],"collection":[{"href":"https:\/\/talisne.com\/de\/wp-json\/wp\/v2\/product"}],"about":[{"href":"https:\/\/talisne.com\/de\/wp-json\/wp\/v2\/types\/product"}],"wp:featuredmedia":[{"embeddable":true,"href":"https:\/\/talisne.com\/de\/wp-json\/wp\/v2\/media\/7039"}],"wp:attachment":[{"href":"https:\/\/talisne.com\/de\/wp-json\/wp\/v2\/media?parent=7041"}],"wp:term":[{"taxonomy":"product_brand","embeddable":true,"href":"https:\/\/talisne.com\/de\/wp-json\/wp\/v2\/product_brand?post=7041"},{"taxonomy":"product_cat","embeddable":true,"href":"https:\/\/talisne.com\/de\/wp-json\/wp\/v2\/product_cat?post=7041"},{"taxonomy":"product_tag","embeddable":true,"href":"https:\/\/talisne.com\/de\/wp-json\/wp\/v2\/product_tag?post=7041"}],"curies":[{"name":"wp","href":"https:\/\/api.w.org\/{rel}","templated":true}]}}