{"id":6988,"date":"2026-02-15T19:55:58","date_gmt":"2026-02-15T18:55:58","guid":{"rendered":"https:\/\/talisne.com\/?post_type=product&#038;p=6988"},"modified":"2026-03-02T13:26:04","modified_gmt":"2026-03-02T12:26:04","slug":"haselnuss-muetze","status":"publish","type":"product","link":"https:\/\/talisne.com\/de\/tienda\/huete\/haselnuss-muetze\/","title":{"rendered":"Haselnuss-M\u00fctze"},"content":{"rendered":"<p data-start=\"2318\" data-end=\"2333\">Eigenschaften<\/p>\n<p data-start=\"2335\" data-end=\"2446\">Wendbar<br data-start=\"2342\" data-end=\"2345\" \/>Schokoladenbraun<br data-start=\"2361\" data-end=\"2364\" \/>Kariertes Muster<br data-start=\"2380\" data-end=\"2383\" \/>Von Hand angen\u00e4hte Nerzpelz-Details<br data-start=\"2418\" data-end=\"2421\" \/>Das Model tr\u00e4gt Gr\u00f6\u00dfe S<\/p>\n<p data-start=\"2448\" data-end=\"2465\">Zusammensetzung<\/p>\n<p data-start=\"2467\" data-end=\"2614\">Au\u00dfenmaterial: 70 % Schurwolle, 15 % Kaschmir, 15 % Polyamid<br data-start=\"2527\" data-end=\"2530\" \/>Innenmaterial: 100 % Schurwolle<br data-start=\"2561\" data-end=\"2564\" \/>Details: 100 % Nerzpelz<br data-start=\"2587\" data-end=\"2590\" \/>Hergestellt in Spanien<\/p>\n","protected":false},"excerpt":{"rendered":"<p>Wendbare M\u00fctze aus Schurwolle, Kaschmir und mit Nerzpelz-Details.<\/p>\n","protected":false},"featured_media":6984,"template":"","meta":[],"product_brand":[],"product_cat":[151],"product_tag":[],"class_list":{"0":"post-6988","1":"product","2":"type-product","3":"status-publish","4":"has-post-thumbnail","6":"product_cat-huete","8":"first","9":"instock","10":"shipping-taxable","11":"purchasable","12":"product-type-variable"},"_links":{"self":[{"href":"https:\/\/talisne.com\/de\/wp-json\/wp\/v2\/product\/6988","targetHints":{"allow":["GET"]}}],"collection":[{"href":"https:\/\/talisne.com\/de\/wp-json\/wp\/v2\/product"}],"about":[{"href":"https:\/\/talisne.com\/de\/wp-json\/wp\/v2\/types\/product"}],"wp:featuredmedia":[{"embeddable":true,"href":"https:\/\/talisne.com\/de\/wp-json\/wp\/v2\/media\/6984"}],"wp:attachment":[{"href":"https:\/\/talisne.com\/de\/wp-json\/wp\/v2\/media?parent=6988"}],"wp:term":[{"taxonomy":"product_brand","embeddable":true,"href":"https:\/\/talisne.com\/de\/wp-json\/wp\/v2\/product_brand?post=6988"},{"taxonomy":"product_cat","embeddable":true,"href":"https:\/\/talisne.com\/de\/wp-json\/wp\/v2\/product_cat?post=6988"},{"taxonomy":"product_tag","embeddable":true,"href":"https:\/\/talisne.com\/de\/wp-json\/wp\/v2\/product_tag?post=6988"}],"curies":[{"name":"wp","href":"https:\/\/api.w.org\/{rel}","templated":true}]}}