{"id":6898,"date":"2026-02-15T19:57:25","date_gmt":"2026-02-15T18:57:25","guid":{"rendered":"https:\/\/talisne.com\/?post_type=product&#038;p=6898"},"modified":"2026-03-02T13:15:57","modified_gmt":"2026-03-02T12:15:57","slug":"tweed-muetze","status":"publish","type":"product","link":"https:\/\/talisne.com\/de\/tienda\/huete\/tweed-muetze\/","title":{"rendered":"TWEED-M\u00dcTZE"},"content":{"rendered":"<p data-start=\"883\" data-end=\"898\">Eigenschaften<\/p>\n<p data-start=\"900\" data-end=\"981\">Cremefarbe<br data-start=\"910\" data-end=\"913\" \/>Freizeitm\u00fctze<br data-start=\"926\" data-end=\"929\" \/>Weiches Triacetat-Futter<br data-start=\"953\" data-end=\"956\" \/>Das Model tr\u00e4gt Gr\u00f6\u00dfe S<\/p>\n<p data-start=\"983\" data-end=\"1000\">Zusammensetzung<\/p>\n<p data-start=\"1002\" data-end=\"1117\">Au\u00dfenmaterial: 70 % Wolle, 20 % Baumwolle, 10 % Polyester<br data-start=\"1059\" data-end=\"1062\" \/>Innenfutter: 100 % Triacetat<br data-start=\"1090\" data-end=\"1093\" \/>Hergestellt in Spanien<\/p>\n","protected":false},"excerpt":{"rendered":"<p data-start=\"837\" data-end=\"881\">Perlfarbene M\u00fctze aus Baumwoll-Woll-Tweed.<\/p>\n","protected":false},"featured_media":6896,"template":"","meta":[],"product_brand":[],"product_cat":[151],"product_tag":[],"class_list":{"0":"post-6898","1":"product","2":"type-product","3":"status-publish","4":"has-post-thumbnail","6":"product_cat-huete","8":"first","9":"instock","10":"shipping-taxable","11":"purchasable","12":"product-type-variable"},"_links":{"self":[{"href":"https:\/\/talisne.com\/de\/wp-json\/wp\/v2\/product\/6898","targetHints":{"allow":["GET"]}}],"collection":[{"href":"https:\/\/talisne.com\/de\/wp-json\/wp\/v2\/product"}],"about":[{"href":"https:\/\/talisne.com\/de\/wp-json\/wp\/v2\/types\/product"}],"wp:featuredmedia":[{"embeddable":true,"href":"https:\/\/talisne.com\/de\/wp-json\/wp\/v2\/media\/6896"}],"wp:attachment":[{"href":"https:\/\/talisne.com\/de\/wp-json\/wp\/v2\/media?parent=6898"}],"wp:term":[{"taxonomy":"product_brand","embeddable":true,"href":"https:\/\/talisne.com\/de\/wp-json\/wp\/v2\/product_brand?post=6898"},{"taxonomy":"product_cat","embeddable":true,"href":"https:\/\/talisne.com\/de\/wp-json\/wp\/v2\/product_cat?post=6898"},{"taxonomy":"product_tag","embeddable":true,"href":"https:\/\/talisne.com\/de\/wp-json\/wp\/v2\/product_tag?post=6898"}],"curies":[{"name":"wp","href":"https:\/\/api.w.org\/{rel}","templated":true}]}}