{"id":6849,"date":"2026-02-15T19:57:48","date_gmt":"2026-02-15T18:57:48","guid":{"rendered":"https:\/\/talisne.com\/?post_type=product&#038;p=6849"},"modified":"2026-03-02T15:58:23","modified_gmt":"2026-03-02T14:58:23","slug":"rubin-muetze","status":"publish","type":"product","link":"https:\/\/talisne.com\/de\/tienda\/huete\/rubin-muetze\/","title":{"rendered":"Rubin-M\u00fctze"},"content":{"rendered":"<p data-start=\"127\" data-end=\"142\">Eigenschaften<\/p>\n<ul>\n<li>Von Hand angen\u00e4hte Details aus bordeauxfarben gef\u00e4rbtem Nerzpelz<\/li>\n<li>Farbe Bordeaux<\/li>\n<li>Oben angebrachter, stoffbezogener Knopf im gleichen Farbton<\/li>\n<li>Das Model tr\u00e4gt Gr\u00f6\u00dfe S<\/li>\n<\/ul>\n<p data-start=\"317\" data-end=\"334\">Zusammensetzung<\/p>\n<ul>\n<li data-start=\"336\" data-end=\"473\">Au\u00dfenmaterial: 70 % Schurwolle, 15 % Kaschmir und 15 % Polyamid<\/li>\n<li data-start=\"336\" data-end=\"473\">Innenfutter: 100 % Seide<\/li>\n<li data-start=\"336\" data-end=\"473\">Details: 100 % Nerz<\/li>\n<\/ul>\n<p>Hergestellt in Spanien<\/p>\n","protected":false},"excerpt":{"rendered":"<p data-start=\"15\" data-end=\"125\">Bordeauxfarbene M\u00fctze aus Schurwolle und Kaschmir mit Seidenfutter im Animal-Print und Details aus Nerzpelz.<\/p>\n","protected":false},"featured_media":6847,"template":"","meta":[],"product_brand":[],"product_cat":[151],"product_tag":[],"class_list":{"0":"post-6849","1":"product","2":"type-product","3":"status-publish","4":"has-post-thumbnail","6":"product_cat-huete","8":"first","9":"instock","10":"shipping-taxable","11":"purchasable","12":"product-type-variable"},"_links":{"self":[{"href":"https:\/\/talisne.com\/de\/wp-json\/wp\/v2\/product\/6849","targetHints":{"allow":["GET"]}}],"collection":[{"href":"https:\/\/talisne.com\/de\/wp-json\/wp\/v2\/product"}],"about":[{"href":"https:\/\/talisne.com\/de\/wp-json\/wp\/v2\/types\/product"}],"wp:featuredmedia":[{"embeddable":true,"href":"https:\/\/talisne.com\/de\/wp-json\/wp\/v2\/media\/6847"}],"wp:attachment":[{"href":"https:\/\/talisne.com\/de\/wp-json\/wp\/v2\/media?parent=6849"}],"wp:term":[{"taxonomy":"product_brand","embeddable":true,"href":"https:\/\/talisne.com\/de\/wp-json\/wp\/v2\/product_brand?post=6849"},{"taxonomy":"product_cat","embeddable":true,"href":"https:\/\/talisne.com\/de\/wp-json\/wp\/v2\/product_cat?post=6849"},{"taxonomy":"product_tag","embeddable":true,"href":"https:\/\/talisne.com\/de\/wp-json\/wp\/v2\/product_tag?post=6849"}],"curies":[{"name":"wp","href":"https:\/\/api.w.org\/{rel}","templated":true}]}}