{"id":8257,"date":"2026-03-01T16:04:06","date_gmt":"2026-03-01T15:04:06","guid":{"rendered":"https:\/\/talisne.com\/?page_id=8257"},"modified":"2026-03-04T11:35:17","modified_gmt":"2026-03-04T10:35:17","slug":"naturfasern","status":"publish","type":"page","link":"https:\/\/talisne.com\/de\/naturfasern\/","title":{"rendered":"Naturfasern"},"content":{"rendered":"\n<p>Wir w\u00e4hlen ausschlie\u00dflich hochwertige Materialien f\u00fcr die Anfertigung unserer Designs aus, sorgf\u00e4ltig ausgew\u00e4hlt, um ein einzigartiges Erlebnis zu bieten.<\/p>\n","protected":false},"excerpt":{"rendered":"<p>Wir w\u00e4hlen ausschlie\u00dflich hochwertige Materialien f\u00fcr die Anfertigung unserer Designs aus, sorgf\u00e4ltig ausgew\u00e4hlt, um ein einzigartiges Erlebnis zu bieten.<\/p>\n","protected":false},"author":4,"featured_media":0,"parent":0,"menu_order":0,"comment_status":"closed","ping_status":"closed","template":"template-fibras-naturales.php","meta":{"footnotes":""},"class_list":["post-8257","page","type-page","status-publish","hentry"],"_links":{"self":[{"href":"https:\/\/talisne.com\/de\/wp-json\/wp\/v2\/pages\/8257","targetHints":{"allow":["GET"]}}],"collection":[{"href":"https:\/\/talisne.com\/de\/wp-json\/wp\/v2\/pages"}],"about":[{"href":"https:\/\/talisne.com\/de\/wp-json\/wp\/v2\/types\/page"}],"author":[{"embeddable":true,"href":"https:\/\/talisne.com\/de\/wp-json\/wp\/v2\/users\/4"}],"replies":[{"embeddable":true,"href":"https:\/\/talisne.com\/de\/wp-json\/wp\/v2\/comments?post=8257"}],"version-history":[{"count":1,"href":"https:\/\/talisne.com\/de\/wp-json\/wp\/v2\/pages\/8257\/revisions"}],"predecessor-version":[{"id":8258,"href":"https:\/\/talisne.com\/de\/wp-json\/wp\/v2\/pages\/8257\/revisions\/8258"}],"wp:attachment":[{"href":"https:\/\/talisne.com\/de\/wp-json\/wp\/v2\/media?parent=8257"}],"curies":[{"name":"wp","href":"https:\/\/api.w.org\/{rel}","templated":true}]}}