{"id":8220,"date":"2022-09-30T09:17:13","date_gmt":"2022-09-30T07:17:13","guid":{"rendered":"https:\/\/talisne.com\/rechtlicher-hinweis\/"},"modified":"2022-09-30T09:17:13","modified_gmt":"2022-09-30T07:17:13","slug":"rechtlicher-hinweis","status":"publish","type":"page","link":"https:\/\/talisne.com\/de\/rechtlicher-hinweis\/","title":{"rendered":"Rechtlicher Hinweis"},"content":{"rendered":"<p data-start=\"6125\" data-end=\"6150\"><strong data-start=\"6125\" data-end=\"6148\">Rechtlicher Hinweis<\/strong><\/p>\n<ol data-start=\"6151\" data-end=\"6178\">\n<li data-start=\"6151\" data-end=\"6178\">\n<p data-start=\"6154\" data-end=\"6178\">Identifizierende Daten<\/p>\n<\/li>\n<\/ol>\n<p data-start=\"6180\" data-end=\"6380\">In \u00dcbereinstimmung mit der Informationspflicht gem\u00e4\u00df Artikel 10 des Gesetzes 34\/2002 vom 11. Juli \u00fcber Dienste der Informationsgesellschaft und elektronischen Handel (LSSI-CE) wird informiert, dass:<\/p>\n<p data-start=\"6382\" data-end=\"6607\">Inhaber: Mar\u00eda Soledad Ruiz Fern\u00e1ndez<br data-start=\"6419\" data-end=\"6422\" \/>Handelsname: TALISNE<br data-start=\"6442\" data-end=\"6445\" \/>Sitz: Carrer Bovila n\u00famero 2, Roda de Bar\u00e1, 43883, Tarragona<br data-start=\"6505\" data-end=\"6508\" \/>Steuernummer (NIF\/CIF): 45470667N<br data-start=\"6541\" data-end=\"6544\" \/>Kontakt-Email: [<a class=\"decorated-link cursor-pointer\" rel=\"noopener\">info@talisne.com<\/a>]<br data-start=\"6577\" data-end=\"6580\" \/>Webseite: <a class=\"decorated-link cursor-pointer\" target=\"_new\" rel=\"noopener\" data-start=\"6590\" data-end=\"6605\">www.talisne.com<\/a><\/p>\n<p data-start=\"6609\" data-end=\"6755\">Der Inhaber ist f\u00fcr die Webseite verantwortlich und stellt dieses Dokument den Nutzern zur Verf\u00fcgung, um die geltenden Vorschriften einzuhalten.<\/p>\n<ol start=\"2\" data-start=\"6757\" data-end=\"7235\">\n<li data-start=\"6757\" data-end=\"7023\">\n<p data-start=\"6760\" data-end=\"7023\">Zweck<br data-start=\"6765\" data-end=\"6768\" \/>Dieses rechtliche Hinweisregelt den Zugang, die Navigation und die Nutzung der Website <a class=\"decorated-link cursor-pointer\" target=\"_new\" rel=\"noopener\" data-start=\"6855\" data-end=\"6870\">www.talisne.com<\/a> sowie die Verantwortlichkeiten, die sich aus der Nutzung ihrer Inhalte (Texte, Bilder, Designs, Produkte, Informationen und Dienstleistungen) ergeben.<\/p>\n<\/li>\n<li data-start=\"7025\" data-end=\"7235\">\n<p data-start=\"7028\" data-end=\"7235\">Nutzungsbedingungen<br data-start=\"7047\" data-end=\"7050\" \/>Der Zugang und die Nutzung der Website verleihen den Status eines Nutzers und implizieren die volle und uneingeschr\u00e4nkte Zustimmung zu allen Bestimmungen dieses rechtlichen Hinweises.<\/p>\n<\/li>\n<\/ol>\n<p data-start=\"7237\" data-end=\"7268\">Der Nutzer verpflichtet sich:<\/p>\n<ul data-start=\"7269\" data-end=\"7495\">\n<li data-start=\"7269\" data-end=\"7304\">\n<p data-start=\"7271\" data-end=\"7304\">Die Website sachgem\u00e4\u00df zu nutzen<\/p>\n<\/li>\n<li data-start=\"7305\" data-end=\"7408\">\n<p data-start=\"7307\" data-end=\"7408\">Sie nicht f\u00fcr illegale Aktivit\u00e4ten oder gegen Treu und Glauben und \u00f6ffentliche Ordnung zu verwenden<\/p>\n<\/li>\n<li data-start=\"7409\" data-end=\"7495\">\n<p data-start=\"7411\" data-end=\"7495\">Keine Sch\u00e4den an den physischen oder logischen Systemen von TALISNE zu verursachen<\/p>\n<\/li>\n<\/ul>\n<p data-start=\"7497\" data-end=\"7611\">TALISNE beh\u00e4lt sich das Recht vor, jederzeit Informationen auf der Website ohne vorherige Ank\u00fcndigung zu \u00e4ndern.<\/p>\n<ol start=\"4\" data-start=\"7613\" data-end=\"7884\">\n<li data-start=\"7613\" data-end=\"7884\">\n<p data-start=\"7616\" data-end=\"7884\">Geistiges Eigentum<br data-start=\"7634\" data-end=\"7637\" \/>Alle Inhalte der Website (Designs, Texte, Fotos, Logos, Marke TALISNE, Illustrationen, Struktur, Code usw.) sind ausschlie\u00dfliches Eigentum von TALISNE oder seinen Lizenzgebern und durch die geltende Gesetzgebung zum geistigen Eigentum gesch\u00fctzt.<\/p>\n<\/li>\n<\/ol>\n<p data-start=\"7886\" data-end=\"7917\">Es ist ausdr\u00fccklich verboten:<\/p>\n<ul data-start=\"7918\" data-end=\"8096\">\n<li data-start=\"7918\" data-end=\"7960\">\n<p data-start=\"7920\" data-end=\"7960\">Totale oder teilweise Vervielf\u00e4ltigung<\/p>\n<\/li>\n<li data-start=\"7961\" data-end=\"8007\">\n<p data-start=\"7963\" data-end=\"8007\">Verbreitung oder \u00f6ffentliche Kommunikation<\/p>\n<\/li>\n<li data-start=\"8008\" data-end=\"8096\">\n<p data-start=\"8010\" data-end=\"8096\">Transformation oder kommerzielle Nutzung ohne ausdr\u00fcckliche schriftliche Genehmigung<\/p>\n<\/li>\n<\/ul>\n<p data-start=\"8098\" data-end=\"8153\">Unbefugte Nutzung kann rechtliche Konsequenzen haben.<\/p>\n<ol start=\"5\" data-start=\"8155\" data-end=\"8212\">\n<li data-start=\"8155\" data-end=\"8212\">\n<p data-start=\"8158\" data-end=\"8212\">Haftung<br data-start=\"8165\" data-end=\"8168\" \/>TALISNE \u00fcbernimmt keine Verantwortung f\u00fcr:<\/p>\n<\/li>\n<\/ol>\n<ul data-start=\"8213\" data-end=\"8358\">\n<li data-start=\"8213\" data-end=\"8257\">\n<p data-start=\"8215\" data-end=\"8257\">Fehler oder Auslassungen in den Inhalten<\/p>\n<\/li>\n<li data-start=\"8258\" data-end=\"8307\">\n<p data-start=\"8260\" data-end=\"8307\">Vor\u00fcbergehende Nichtverf\u00fcgbarkeit der Website<\/p>\n<\/li>\n<li data-start=\"8308\" data-end=\"8358\">\n<p data-start=\"8310\" data-end=\"8358\">Sch\u00e4den durch unsachgem\u00e4\u00dfe Nutzung der Website<\/p>\n<\/li>\n<\/ul>\n<p data-start=\"8360\" data-end=\"8483\">Es werden jedoch alle notwendigen technischen Ma\u00dfnahmen getroffen, um die Funktionalit\u00e4t und Sicherheit zu gew\u00e4hrleisten.<\/p>\n<ol start=\"6\" data-start=\"8485\" data-end=\"9152\">\n<li data-start=\"8485\" data-end=\"8641\">\n<p data-start=\"8488\" data-end=\"8641\">Externe Links<br data-start=\"8501\" data-end=\"8504\" \/>Enth\u00e4lt die Website Links zu externen Seiten, \u00fcbernimmt TALISNE keine Kontrolle \u00fcber diese und keine Verantwortung f\u00fcr Inhalte Dritter.<\/p>\n<\/li>\n<li data-start=\"8643\" data-end=\"8759\">\n<p data-start=\"8646\" data-end=\"8759\">Datenschutz<br data-start=\"8657\" data-end=\"8660\" \/>Die Verarbeitung personenbezogener Daten erfolgt gem\u00e4\u00df der Datenschutzrichtlinie auf der Website.<\/p>\n<\/li>\n<li data-start=\"8761\" data-end=\"8940\">\n<p data-start=\"8764\" data-end=\"8940\">Verwendung von Cookies<br data-start=\"8786\" data-end=\"8789\" \/>Diese Website verwendet eigene und fremde Cookies, um die Benutzererfahrung zu verbessern. Weitere Informationen finden Sie in der Cookie-Richtlinie.<\/p>\n<\/li>\n<li data-start=\"8942\" data-end=\"9152\">\n<p data-start=\"8945\" data-end=\"9152\">Anwendbares Recht und Gerichtsbarkeit<br data-start=\"8982\" data-end=\"8985\" \/>Dieser rechtliche Hinweis unterliegt spanischem Recht.<br data-start=\"9039\" data-end=\"9042\" \/>Alle Streitigkeiten unterliegen den Gerichten von Tarragona, soweit nicht anderes gesetzlich vorgesehen ist.<\/p>\n<\/li>\n<\/ol>\n","protected":false},"excerpt":{"rendered":"<p>Rechtlicher Hinweis Identifizierende Daten In \u00dcbereinstimmung mit der Informationspflicht gem\u00e4\u00df Artikel 10 des Gesetzes 34\/2002 vom 11. Juli \u00fcber Dienste der Informationsgesellschaft und elektronischen Handel (LSSI-CE) wird informiert, dass: Inhaber: Mar\u00eda Soledad Ruiz Fern\u00e1ndezHandelsname: TALISNESitz: Carrer Bovila n\u00famero 2, Roda de Bar\u00e1, 43883, TarragonaSteuernummer (NIF\/CIF): 45470667NKontakt-Email: [info@talisne.com]Webseite: www.talisne.com Der Inhaber ist f\u00fcr die Webseite verantwortlich [&hellip;]<\/p>\n","protected":false},"author":1,"featured_media":0,"parent":0,"menu_order":0,"comment_status":"closed","ping_status":"closed","template":"template-legal.php","meta":{"footnotes":""},"class_list":["post-8220","page","type-page","status-publish","hentry"],"_links":{"self":[{"href":"https:\/\/talisne.com\/de\/wp-json\/wp\/v2\/pages\/8220","targetHints":{"allow":["GET"]}}],"collection":[{"href":"https:\/\/talisne.com\/de\/wp-json\/wp\/v2\/pages"}],"about":[{"href":"https:\/\/talisne.com\/de\/wp-json\/wp\/v2\/types\/page"}],"author":[{"embeddable":true,"href":"https:\/\/talisne.com\/de\/wp-json\/wp\/v2\/users\/1"}],"replies":[{"embeddable":true,"href":"https:\/\/talisne.com\/de\/wp-json\/wp\/v2\/comments?post=8220"}],"version-history":[{"count":0,"href":"https:\/\/talisne.com\/de\/wp-json\/wp\/v2\/pages\/8220\/revisions"}],"wp:attachment":[{"href":"https:\/\/talisne.com\/de\/wp-json\/wp\/v2\/media?parent=8220"}],"curies":[{"name":"wp","href":"https:\/\/api.w.org\/{rel}","templated":true}]}}