{"id":8175,"date":"2026-03-01T17:17:07","date_gmt":"2026-03-01T16:17:07","guid":{"rendered":"https:\/\/talisne.com\/?page_id=8175"},"modified":"2026-03-03T19:36:30","modified_gmt":"2026-03-03T18:36:30","slug":"unsere-manufaktur","status":"publish","type":"page","link":"https:\/\/talisne.com\/de\/unsere-manufaktur\/","title":{"rendered":"Unsere Manufaktur"},"content":{"rendered":"\n<p>Wir glauben an authentischen Luxus: den Luxus, der aus Handwerk, Erfahrung und kunstfertiger Arbeit entsteht. Wir verf\u00fcgen \u00fcber Schneiderinnen, die auf Haute Couture spezialisiert sind und jedes Kleidungsst\u00fcck pr\u00e4zise unter Ber\u00fccksichtigung jedes kleinen Details fertigen. Unsere K\u00fcrschner haben jahrelange Erfahrung im Lederbereich und garantieren ein makelloses Ergebnis.<\/p>\n","protected":false},"excerpt":{"rendered":"<p>Wir glauben an authentischen Luxus: den Luxus, der aus Handwerk, Erfahrung und kunstfertiger Arbeit entsteht. Wir verf\u00fcgen \u00fcber Schneiderinnen, die auf Haute Couture spezialisiert sind und jedes Kleidungsst\u00fcck pr\u00e4zise unter Ber\u00fccksichtigung jedes kleinen Details fertigen. Unsere K\u00fcrschner haben jahrelange Erfahrung im Lederbereich und garantieren ein makelloses Ergebnis.<\/p>\n","protected":false},"author":4,"featured_media":0,"parent":0,"menu_order":0,"comment_status":"closed","ping_status":"closed","template":"template-nuestra-fabrica.php","meta":{"footnotes":""},"class_list":["post-8175","page","type-page","status-publish","hentry"],"_links":{"self":[{"href":"https:\/\/talisne.com\/de\/wp-json\/wp\/v2\/pages\/8175","targetHints":{"allow":["GET"]}}],"collection":[{"href":"https:\/\/talisne.com\/de\/wp-json\/wp\/v2\/pages"}],"about":[{"href":"https:\/\/talisne.com\/de\/wp-json\/wp\/v2\/types\/page"}],"author":[{"embeddable":true,"href":"https:\/\/talisne.com\/de\/wp-json\/wp\/v2\/users\/4"}],"replies":[{"embeddable":true,"href":"https:\/\/talisne.com\/de\/wp-json\/wp\/v2\/comments?post=8175"}],"version-history":[{"count":1,"href":"https:\/\/talisne.com\/de\/wp-json\/wp\/v2\/pages\/8175\/revisions"}],"predecessor-version":[{"id":8176,"href":"https:\/\/talisne.com\/de\/wp-json\/wp\/v2\/pages\/8175\/revisions\/8176"}],"wp:attachment":[{"href":"https:\/\/talisne.com\/de\/wp-json\/wp\/v2\/media?parent=8175"}],"curies":[{"name":"wp","href":"https:\/\/api.w.org\/{rel}","templated":true}]}}