{"id":8082,"date":"2022-09-27T14:17:30","date_gmt":"2022-09-27T12:17:30","guid":{"rendered":"https:\/\/talisne.com\/?page_id=8082"},"modified":"2026-03-03T18:47:43","modified_gmt":"2026-03-03T17:47:43","slug":"talisne-universum","status":"publish","type":"page","link":"https:\/\/talisne.com\/de\/talisne-universum\/","title":{"rendered":"TALISNE UNIVERSUM"},"content":{"rendered":"\n<p>Die Marke TALISNE entsteht aus einer tiefen Verbindung zu Design, Qualit\u00e4t und Weiblichkeit. Von den ersten Skizzen bis zur letzten handgefertigten Ausarbeitung ist jeder TALISNE-Mantel ein Unikat, das in unserer eigenen Werkstatt in Tarragona gefertigt wird.<\/p>\n\n\n\n<p>Wir verbinden Haute Couture mit feiner K\u00fcrschnerei und verwenden nat\u00fcrliche, exklusive Stoffe wie Schurwolle, Kaschmir und Futter aus reiner Seide, erg\u00e4nzt durch Details aus Naturpelz. Unsere Kollektionen sind limitiert und exklusiv, entworfen f\u00fcr Frauen, die Qualit\u00e4t, Sch\u00f6nheit und Originalit\u00e4t suchen.<\/p>\n\n\n\n<p>Wir glauben an einen authentischen, emotionalen und besonderen Luxus, der sich durch Farbe, Form und kleine Details ausdr\u00fcckt, die den Unterschied machen.<\/p>\n","protected":false},"excerpt":{"rendered":"<p>Die Marke TALISNE entsteht aus einer tiefen Verbindung zu Design, Qualit\u00e4t und Weiblichkeit. Von den ersten Skizzen bis zur letzten handgefertigten Ausarbeitung ist jeder TALISNE-Mantel ein Unikat, das in unserer eigenen Werkstatt in Tarragona gefertigt wird. Wir verbinden Haute Couture mit feiner K\u00fcrschnerei und verwenden nat\u00fcrliche, exklusive Stoffe wie Schurwolle, Kaschmir und Futter aus reiner [&hellip;]<\/p>\n","protected":false},"author":4,"featured_media":0,"parent":0,"menu_order":0,"comment_status":"closed","ping_status":"closed","template":"template-universo-talisne.php","meta":{"footnotes":""},"class_list":["post-8082","page","type-page","status-publish","hentry"],"_links":{"self":[{"href":"https:\/\/talisne.com\/de\/wp-json\/wp\/v2\/pages\/8082","targetHints":{"allow":["GET"]}}],"collection":[{"href":"https:\/\/talisne.com\/de\/wp-json\/wp\/v2\/pages"}],"about":[{"href":"https:\/\/talisne.com\/de\/wp-json\/wp\/v2\/types\/page"}],"author":[{"embeddable":true,"href":"https:\/\/talisne.com\/de\/wp-json\/wp\/v2\/users\/4"}],"replies":[{"embeddable":true,"href":"https:\/\/talisne.com\/de\/wp-json\/wp\/v2\/comments?post=8082"}],"version-history":[{"count":1,"href":"https:\/\/talisne.com\/de\/wp-json\/wp\/v2\/pages\/8082\/revisions"}],"predecessor-version":[{"id":8083,"href":"https:\/\/talisne.com\/de\/wp-json\/wp\/v2\/pages\/8082\/revisions\/8083"}],"wp:attachment":[{"href":"https:\/\/talisne.com\/de\/wp-json\/wp\/v2\/media?parent=8082"}],"curies":[{"name":"wp","href":"https:\/\/api.w.org\/{rel}","templated":true}]}}