{"id":6207,"date":"2022-09-29T13:54:30","date_gmt":"2022-09-29T11:54:30","guid":{"rendered":"https:\/\/talisne.com\/haeufig-gestellte-fragen\/"},"modified":"2026-03-01T18:16:49","modified_gmt":"2026-03-01T17:16:49","slug":"haeufig-gestellte-fragen","status":"publish","type":"page","link":"https:\/\/talisne.com\/de\/haeufig-gestellte-fragen\/","title":{"rendered":"H\u00e4ufig gestellte Fragen"},"content":{"rendered":"\t\t<div data-elementor-type=\"wp-page\" data-elementor-id=\"6207\" class=\"elementor elementor-6207 elementor-1425\" data-elementor-post-type=\"page\">\n\t\t\t\t\t\t<section class=\"elementor-section elementor-top-section elementor-element elementor-element-a634a10 elementor-section-full_width qodef-elementor-content-grid elementor-section-height-default elementor-section-height-default\" data-id=\"a634a10\" data-element_type=\"section\" data-e-type=\"section\">\n\t\t\t\t\t\t<div class=\"elementor-container elementor-column-gap-default\">\n\t\t\t\t\t<div class=\"elementor-column elementor-col-100 elementor-top-column elementor-element elementor-element-6fa63ea\" data-id=\"6fa63ea\" data-element_type=\"column\" data-e-type=\"column\">\n\t\t\t<div class=\"elementor-widget-wrap elementor-element-populated\">\n\t\t\t\t\t\t<div class=\"elementor-element elementor-element-a6f09dd elementor-widget elementor-widget-corsen_core_accordion\" data-id=\"a6f09dd\" data-element_type=\"widget\" data-e-type=\"widget\" data-widget_type=\"corsen_core_accordion.default\">\n\t\t\t\t<div class=\"elementor-widget-container\">\n\t\t\t\t\t<div class=\"qodef-shortcode qodef-m qodef-accordion clear qodef-behavior--accordion qodef-layout--simple\">\n\t<h5 class=\"qodef-accordion-title\">\n\t<span class=\"qodef-tab-title\">Sind die Kollektionen limitiert?<\/span>\n\t<span class=\"qodef-accordion-mark\">\n\t\t<span class=\"qodef-icon--plus\">\n            <svg xmlns=\"http:\/\/www.w3.org\/2000\/svg\" width=\"23\" height=\"23\" viewBox=\"0 0 24 24\">\n                <g data-name=\"Group 1077\" transform=\"translate(0.087 0.087)\">\n                    <g data-name=\"Rectangle 571\" transform=\"translate(-0.087 -0.087)\" fill=\"#fff\" stroke=\"#000\" stroke-width=\"1\">\n                        <rect width=\"24\" height=\"24\" stroke=\"none\"\/>\n                        <rect x=\"0.5\" y=\"0.5\" width=\"23\" height=\"23\" fill=\"none\"\/>\n                    <\/g>\n                    <path d=\"M0,4.535,4.047,0,8.094,4.535\" transform=\"translate(7.866 9.646)\" fill=\"none\" stroke=\"#000\" stroke-width=\"1\"\/>\n                <\/g>\n            <\/svg>\n        <\/span>\n\t\t<span class=\"qodef-icon--minus\">\n            <svg xmlns=\"http:\/\/www.w3.org\/2000\/svg\" width=\"23\" height=\"23\" viewBox=\"0 0 24 24\">\n             <g transform=\"translate(0.087 0.087)\">\n                 <g transform=\"translate(-0.087 -0.087)\" fill=\"#fff\" stroke=\"#000\" stroke-width=\"1\">\n                    <rect width=\"24\" height=\"24\" stroke=\"none\"\/>\n                    <rect x=\"0.5\" y=\"0.5\" width=\"23\" height=\"23\" fill=\"none\"\/>\n                    <\/g>\n                    <path d=\"M0,4.535,4.047,0,8.094,4.535\" transform=\"translate(16 14) rotate(180)\" fill=\"none\" stroke=\"#000\" stroke-width=\"1\"\/>\n                <\/g>\n            <\/svg>\n        <\/span>\n\t<\/span>\n<\/h5>\n<div class=\"qodef-accordion-content\">\n\t<div class=\"qodef-accordion-content-inner\">\n\t\t<p>Ja, alle unsere Kollektionen sind limitiert und exklusiv, um die Originalit\u00e4t und Exklusivit\u00e4t jedes St\u00fccks zu bewahren.<\/p>\t<\/div>\n<\/div>\n<h5 class=\"qodef-accordion-title\">\n\t<span class=\"qodef-tab-title\">Wo werden die M\u00e4ntel hergestellt?<\/span>\n\t<span class=\"qodef-accordion-mark\">\n\t\t<span class=\"qodef-icon--plus\">\n            <svg xmlns=\"http:\/\/www.w3.org\/2000\/svg\" width=\"23\" height=\"23\" viewBox=\"0 0 24 24\">\n                <g data-name=\"Group 1077\" transform=\"translate(0.087 0.087)\">\n                    <g data-name=\"Rectangle 571\" transform=\"translate(-0.087 -0.087)\" fill=\"#fff\" stroke=\"#000\" stroke-width=\"1\">\n                        <rect width=\"24\" height=\"24\" stroke=\"none\"\/>\n                        <rect x=\"0.5\" y=\"0.5\" width=\"23\" height=\"23\" fill=\"none\"\/>\n                    <\/g>\n                    <path d=\"M0,4.535,4.047,0,8.094,4.535\" transform=\"translate(7.866 9.646)\" fill=\"none\" stroke=\"#000\" stroke-width=\"1\"\/>\n                <\/g>\n            <\/svg>\n        <\/span>\n\t\t<span class=\"qodef-icon--minus\">\n            <svg xmlns=\"http:\/\/www.w3.org\/2000\/svg\" width=\"23\" height=\"23\" viewBox=\"0 0 24 24\">\n             <g transform=\"translate(0.087 0.087)\">\n                 <g transform=\"translate(-0.087 -0.087)\" fill=\"#fff\" stroke=\"#000\" stroke-width=\"1\">\n                    <rect width=\"24\" height=\"24\" stroke=\"none\"\/>\n                    <rect x=\"0.5\" y=\"0.5\" width=\"23\" height=\"23\" fill=\"none\"\/>\n                    <\/g>\n                    <path d=\"M0,4.535,4.047,0,8.094,4.535\" transform=\"translate(16 14) rotate(180)\" fill=\"none\" stroke=\"#000\" stroke-width=\"1\"\/>\n                <\/g>\n            <\/svg>\n        <\/span>\n\t<\/span>\n<\/h5>\n<div class=\"qodef-accordion-content\">\n\t<div class=\"qodef-accordion-content-inner\">\n\t\t<p>Alle unsere M\u00e4ntel werden in unserem eigenen Atelier in Tarragona entworfen, zugeschnitten und handgefertigt.<\/p>\t<\/div>\n<\/div>\n<h5 class=\"qodef-accordion-title\">\n\t<span class=\"qodef-tab-title\">Kann ich online kaufen?<\/span>\n\t<span class=\"qodef-accordion-mark\">\n\t\t<span class=\"qodef-icon--plus\">\n            <svg xmlns=\"http:\/\/www.w3.org\/2000\/svg\" width=\"23\" height=\"23\" viewBox=\"0 0 24 24\">\n                <g data-name=\"Group 1077\" transform=\"translate(0.087 0.087)\">\n                    <g data-name=\"Rectangle 571\" transform=\"translate(-0.087 -0.087)\" fill=\"#fff\" stroke=\"#000\" stroke-width=\"1\">\n                        <rect width=\"24\" height=\"24\" stroke=\"none\"\/>\n                        <rect x=\"0.5\" y=\"0.5\" width=\"23\" height=\"23\" fill=\"none\"\/>\n                    <\/g>\n                    <path d=\"M0,4.535,4.047,0,8.094,4.535\" transform=\"translate(7.866 9.646)\" fill=\"none\" stroke=\"#000\" stroke-width=\"1\"\/>\n                <\/g>\n            <\/svg>\n        <\/span>\n\t\t<span class=\"qodef-icon--minus\">\n            <svg xmlns=\"http:\/\/www.w3.org\/2000\/svg\" width=\"23\" height=\"23\" viewBox=\"0 0 24 24\">\n             <g transform=\"translate(0.087 0.087)\">\n                 <g transform=\"translate(-0.087 -0.087)\" fill=\"#fff\" stroke=\"#000\" stroke-width=\"1\">\n                    <rect width=\"24\" height=\"24\" stroke=\"none\"\/>\n                    <rect x=\"0.5\" y=\"0.5\" width=\"23\" height=\"23\" fill=\"none\"\/>\n                    <\/g>\n                    <path d=\"M0,4.535,4.047,0,8.094,4.535\" transform=\"translate(16 14) rotate(180)\" fill=\"none\" stroke=\"#000\" stroke-width=\"1\"\/>\n                <\/g>\n            <\/svg>\n        <\/span>\n\t<\/span>\n<\/h5>\n<div class=\"qodef-accordion-content\">\n\t<div class=\"qodef-accordion-content-inner\">\n\t\t<p>Ja, wir bieten direkten Online-Verkauf an. Sie k\u00f6nnen uns auch kontaktieren, um unser Showroom zu besuchen oder f\u00fcr individuelle Anfragen und Bestellungen.<\/p>\t<\/div>\n<\/div>\n<h5 class=\"qodef-accordion-title\">\n\t<span class=\"qodef-tab-title\">Wie pflege ich meinen Talisne-Mantel?<\/span>\n\t<span class=\"qodef-accordion-mark\">\n\t\t<span class=\"qodef-icon--plus\">\n            <svg xmlns=\"http:\/\/www.w3.org\/2000\/svg\" width=\"23\" height=\"23\" viewBox=\"0 0 24 24\">\n                <g data-name=\"Group 1077\" transform=\"translate(0.087 0.087)\">\n                    <g data-name=\"Rectangle 571\" transform=\"translate(-0.087 -0.087)\" fill=\"#fff\" stroke=\"#000\" stroke-width=\"1\">\n                        <rect width=\"24\" height=\"24\" stroke=\"none\"\/>\n                        <rect x=\"0.5\" y=\"0.5\" width=\"23\" height=\"23\" fill=\"none\"\/>\n                    <\/g>\n                    <path d=\"M0,4.535,4.047,0,8.094,4.535\" transform=\"translate(7.866 9.646)\" fill=\"none\" stroke=\"#000\" stroke-width=\"1\"\/>\n                <\/g>\n            <\/svg>\n        <\/span>\n\t\t<span class=\"qodef-icon--minus\">\n            <svg xmlns=\"http:\/\/www.w3.org\/2000\/svg\" width=\"23\" height=\"23\" viewBox=\"0 0 24 24\">\n             <g transform=\"translate(0.087 0.087)\">\n                 <g transform=\"translate(-0.087 -0.087)\" fill=\"#fff\" stroke=\"#000\" stroke-width=\"1\">\n                    <rect width=\"24\" height=\"24\" stroke=\"none\"\/>\n                    <rect x=\"0.5\" y=\"0.5\" width=\"23\" height=\"23\" fill=\"none\"\/>\n                    <\/g>\n                    <path d=\"M0,4.535,4.047,0,8.094,4.535\" transform=\"translate(16 14) rotate(180)\" fill=\"none\" stroke=\"#000\" stroke-width=\"1\"\/>\n                <\/g>\n            <\/svg>\n        <\/span>\n\t<\/span>\n<\/h5>\n<div class=\"qodef-accordion-content\">\n\t<div class=\"qodef-accordion-content-inner\">\n\t\t<p>Wir empfehlen eine fachkundige chemische Reinigung, um die Qualit\u00e4t der Stoffe und Verarbeitungen zu erhalten. Jedes Kleidungsst\u00fcck enth\u00e4lt eine detaillierte Pflegeanleitung.<\/p>\t<\/div>\n<\/div>\n<h5 class=\"qodef-accordion-title\">\n\t<span class=\"qodef-tab-title\">Welche Zahlungsoptionen bieten Sie an?<\/span>\n\t<span class=\"qodef-accordion-mark\">\n\t\t<span class=\"qodef-icon--plus\">\n            <svg xmlns=\"http:\/\/www.w3.org\/2000\/svg\" width=\"23\" height=\"23\" viewBox=\"0 0 24 24\">\n                <g data-name=\"Group 1077\" transform=\"translate(0.087 0.087)\">\n                    <g data-name=\"Rectangle 571\" transform=\"translate(-0.087 -0.087)\" fill=\"#fff\" stroke=\"#000\" stroke-width=\"1\">\n                        <rect width=\"24\" height=\"24\" stroke=\"none\"\/>\n                        <rect x=\"0.5\" y=\"0.5\" width=\"23\" height=\"23\" fill=\"none\"\/>\n                    <\/g>\n                    <path d=\"M0,4.535,4.047,0,8.094,4.535\" transform=\"translate(7.866 9.646)\" fill=\"none\" stroke=\"#000\" stroke-width=\"1\"\/>\n                <\/g>\n            <\/svg>\n        <\/span>\n\t\t<span class=\"qodef-icon--minus\">\n            <svg xmlns=\"http:\/\/www.w3.org\/2000\/svg\" width=\"23\" height=\"23\" viewBox=\"0 0 24 24\">\n             <g transform=\"translate(0.087 0.087)\">\n                 <g transform=\"translate(-0.087 -0.087)\" fill=\"#fff\" stroke=\"#000\" stroke-width=\"1\">\n                    <rect width=\"24\" height=\"24\" stroke=\"none\"\/>\n                    <rect x=\"0.5\" y=\"0.5\" width=\"23\" height=\"23\" fill=\"none\"\/>\n                    <\/g>\n                    <path d=\"M0,4.535,4.047,0,8.094,4.535\" transform=\"translate(16 14) rotate(180)\" fill=\"none\" stroke=\"#000\" stroke-width=\"1\"\/>\n                <\/g>\n            <\/svg>\n        <\/span>\n\t<\/span>\n<\/h5>\n<div class=\"qodef-accordion-content\">\n\t<div class=\"qodef-accordion-content-inner\">\n\t\t<p>Wir akzeptieren Kredit- und Debitkarten sowie sichere Zahlungen \u00fcber die Plattform unseres Online-Shops.<\/p>\t<\/div>\n<\/div>\n<h5 class=\"qodef-accordion-title\">\n\t<span class=\"qodef-tab-title\">Wie lange ist die Lieferzeit?<\/span>\n\t<span class=\"qodef-accordion-mark\">\n\t\t<span class=\"qodef-icon--plus\">\n            <svg xmlns=\"http:\/\/www.w3.org\/2000\/svg\" width=\"23\" height=\"23\" viewBox=\"0 0 24 24\">\n                <g data-name=\"Group 1077\" transform=\"translate(0.087 0.087)\">\n                    <g data-name=\"Rectangle 571\" transform=\"translate(-0.087 -0.087)\" fill=\"#fff\" stroke=\"#000\" stroke-width=\"1\">\n                        <rect width=\"24\" height=\"24\" stroke=\"none\"\/>\n                        <rect x=\"0.5\" y=\"0.5\" width=\"23\" height=\"23\" fill=\"none\"\/>\n                    <\/g>\n                    <path d=\"M0,4.535,4.047,0,8.094,4.535\" transform=\"translate(7.866 9.646)\" fill=\"none\" stroke=\"#000\" stroke-width=\"1\"\/>\n                <\/g>\n            <\/svg>\n        <\/span>\n\t\t<span class=\"qodef-icon--minus\">\n            <svg xmlns=\"http:\/\/www.w3.org\/2000\/svg\" width=\"23\" height=\"23\" viewBox=\"0 0 24 24\">\n             <g transform=\"translate(0.087 0.087)\">\n                 <g transform=\"translate(-0.087 -0.087)\" fill=\"#fff\" stroke=\"#000\" stroke-width=\"1\">\n                    <rect width=\"24\" height=\"24\" stroke=\"none\"\/>\n                    <rect x=\"0.5\" y=\"0.5\" width=\"23\" height=\"23\" fill=\"none\"\/>\n                    <\/g>\n                    <path d=\"M0,4.535,4.047,0,8.094,4.535\" transform=\"translate(16 14) rotate(180)\" fill=\"none\" stroke=\"#000\" stroke-width=\"1\"\/>\n                <\/g>\n            <\/svg>\n        <\/span>\n\t<\/span>\n<\/h5>\n<div class=\"qodef-accordion-content\">\n\t<div class=\"qodef-accordion-content-inner\">\n\t\t<p>Die gesch\u00e4tzte Lieferzeit betr\u00e4gt 7 bis 15 Werktage, je nach Produkt und Lieferort.<\/p>\t<\/div>\n<\/div>\n<h5 class=\"qodef-accordion-title\">\n\t<span class=\"qodef-tab-title\">Kann ich ein Produkt umtauschen oder zur\u00fcckgeben?<\/span>\n\t<span class=\"qodef-accordion-mark\">\n\t\t<span class=\"qodef-icon--plus\">\n            <svg xmlns=\"http:\/\/www.w3.org\/2000\/svg\" width=\"23\" height=\"23\" viewBox=\"0 0 24 24\">\n                <g data-name=\"Group 1077\" transform=\"translate(0.087 0.087)\">\n                    <g data-name=\"Rectangle 571\" transform=\"translate(-0.087 -0.087)\" fill=\"#fff\" stroke=\"#000\" stroke-width=\"1\">\n                        <rect width=\"24\" height=\"24\" stroke=\"none\"\/>\n                        <rect x=\"0.5\" y=\"0.5\" width=\"23\" height=\"23\" fill=\"none\"\/>\n                    <\/g>\n                    <path d=\"M0,4.535,4.047,0,8.094,4.535\" transform=\"translate(7.866 9.646)\" fill=\"none\" stroke=\"#000\" stroke-width=\"1\"\/>\n                <\/g>\n            <\/svg>\n        <\/span>\n\t\t<span class=\"qodef-icon--minus\">\n            <svg xmlns=\"http:\/\/www.w3.org\/2000\/svg\" width=\"23\" height=\"23\" viewBox=\"0 0 24 24\">\n             <g transform=\"translate(0.087 0.087)\">\n                 <g transform=\"translate(-0.087 -0.087)\" fill=\"#fff\" stroke=\"#000\" stroke-width=\"1\">\n                    <rect width=\"24\" height=\"24\" stroke=\"none\"\/>\n                    <rect x=\"0.5\" y=\"0.5\" width=\"23\" height=\"23\" fill=\"none\"\/>\n                    <\/g>\n                    <path d=\"M0,4.535,4.047,0,8.094,4.535\" transform=\"translate(16 14) rotate(180)\" fill=\"none\" stroke=\"#000\" stroke-width=\"1\"\/>\n                <\/g>\n            <\/svg>\n        <\/span>\n\t<\/span>\n<\/h5>\n<div class=\"qodef-accordion-content\">\n\t<div class=\"qodef-accordion-content-inner\">\n\t\t<p>Wir nehmen R\u00fccksendungen ab dem Zeitpunkt des Erhalts Ihrer Bestellung bis zu <b>15 Tagen nach der Lieferung<\/b> an. Um die Qualit\u00e4t und Exklusivit\u00e4t unserer Kleidungsst\u00fccke zu gew\u00e4hrleisten, behalten wir uns das Recht vor, <b>R\u00fccksendungen nicht zu akzeptieren, wenn der Artikel nicht in einwandfreiem Zustand ist<\/b>. Die R\u00fccksendekosten gehen zu Lasten des Kunden. Wir empfehlen, Ihren Mantel sorgf\u00e4ltig zu pr\u00fcfen und die Originalverpackung aufzubewahren.<\/p>\t<\/div>\n<\/div>\n<\/div>\n\t\t\t\t<\/div>\n\t\t\t\t<\/div>\n\t\t\t\t\t<\/div>\n\t\t<\/div>\n\t\t\t\t\t<\/div>\n\t\t<\/section>\n\t\t\t\t<\/div>\n\t\t","protected":false},"excerpt":{"rendered":"<p>\u00bfLas colecciones son limitadas? S\u00ed, todas nuestras colecciones son limitadas y exclusivas para mantener la originalidad y exclusividad de cada pieza. \u00bfD\u00f3nde se fabrican los abrigos? Todos nuestros abrigos se dise\u00f1an, patronan y confeccionan a mano en nuestro taller propio en Tarragona \u00bfPuedo comprar online? S\u00ed, ofrecemos venta online directa. Tambi\u00e9n puedes contactarnos para visitar [&hellip;]<\/p>\n","protected":false},"author":1,"featured_media":0,"parent":0,"menu_order":0,"comment_status":"closed","ping_status":"closed","template":"template-faq.php","meta":{"footnotes":""},"class_list":["post-6207","page","type-page","status-publish","hentry"],"_links":{"self":[{"href":"https:\/\/talisne.com\/de\/wp-json\/wp\/v2\/pages\/6207","targetHints":{"allow":["GET"]}}],"collection":[{"href":"https:\/\/talisne.com\/de\/wp-json\/wp\/v2\/pages"}],"about":[{"href":"https:\/\/talisne.com\/de\/wp-json\/wp\/v2\/types\/page"}],"author":[{"embeddable":true,"href":"https:\/\/talisne.com\/de\/wp-json\/wp\/v2\/users\/1"}],"replies":[{"embeddable":true,"href":"https:\/\/talisne.com\/de\/wp-json\/wp\/v2\/comments?post=6207"}],"version-history":[{"count":5,"href":"https:\/\/talisne.com\/de\/wp-json\/wp\/v2\/pages\/6207\/revisions"}],"predecessor-version":[{"id":8421,"href":"https:\/\/talisne.com\/de\/wp-json\/wp\/v2\/pages\/6207\/revisions\/8421"}],"wp:attachment":[{"href":"https:\/\/talisne.com\/de\/wp-json\/wp\/v2\/media?parent=6207"}],"curies":[{"name":"wp","href":"https:\/\/api.w.org\/{rel}","templated":true}]}}